{"id":988,"date":"2019-11-27T14:52:46","date_gmt":"2019-11-27T14:52:46","guid":{"rendered":"http:\/\/bajuwaren-laden.de\/?post_type=product&#038;p=988"},"modified":"2022-02-04T12:51:54","modified_gmt":"2022-02-04T12:51:54","slug":"988","status":"publish","type":"product","link":"https:\/\/bajuwaren-laden.de\/?product=988","title":{"rendered":"Malachit (chrysocolla)"},"content":{"rendered":"<p>Malachit ist ein Mineral, das in kr\u00e4ftig gr\u00fcn leuchtet. Es entsteht \u00fcberall dort, wo Kupfererz verwittert. Seit Urzeiten haben die Menschen aus Malachit Schmucksteine geschliffen, die zu Halsketten, Anh\u00e4ngern und Ohrclips wurden. Die \u00c4gypter schnitzten sich Skarab\u00e4en, kleine Gl\u00fccksk\u00e4fer, die sie als Amulett trugen. In der antiken Damenwelt war der smaragdgr\u00fcne Stein auch deshalb hei\u00df begehrt, weil sich ausdrucksstarker Lidschatten daraus herstellen lie\u00df. Wahre Schminkprofis waren die alten \u00c4gypter. Denkt nur an Kleopatra, die mit ihrem spektakul\u00e4ren Augen-Make-Up auch Julius C\u00e4sar angeklimpert hat. Doch nicht nur die Damen, sondern auch die M\u00e4nner \u00c4gyptens haben sich mit der gr\u00fcnen Paste ihre Augen geschminkt. Die feinen Kristalle des Malachits sollten das grelle Licht reflektieren und als eine Art Sonnenbrille wirken. Besonders reine Sorten von Malachit kamen in der antiken Wandmalerei zum Einsatz. Auch als Heil- und Gl\u00fccksstein wurde und wird Malachit gesch\u00e4tzt. Der Abbau ist aber gef\u00e4hrlich, weil giftiger Staub freigesetzt wird.<\/p>\n","protected":false},"excerpt":{"rendered":"<p>Begrenzt Lieferbar. Es kann zu Lieferengp\u00e4ssen kommen.<\/p>\n","protected":false},"featured_media":1895,"comment_status":"closed","ping_status":"closed","template":"","meta":[],"product_brand":[],"product_cat":[207],"product_tag":[171,232,230,70,231,233,117,234],"class_list":{"0":"post-988","1":"product","2":"type-product","3":"status-publish","4":"has-post-thumbnail","6":"product_cat-koerperpflege","7":"product_tag-balnea","8":"product_tag-lidschatten","9":"product_tag-malachit","10":"product_tag-roemer","11":"product_tag-schminke","12":"product_tag-sonnenbrille","13":"product_tag-therme","14":"product_tag-wandmalerei","16":"first","17":"instock","18":"taxable","19":"shipping-taxable","20":"purchasable","21":"product-type-simple"},"_links":{"self":[{"href":"https:\/\/bajuwaren-laden.de\/index.php?rest_route=\/wp\/v2\/product\/988","targetHints":{"allow":["GET"]}}],"collection":[{"href":"https:\/\/bajuwaren-laden.de\/index.php?rest_route=\/wp\/v2\/product"}],"about":[{"href":"https:\/\/bajuwaren-laden.de\/index.php?rest_route=\/wp\/v2\/types\/product"}],"replies":[{"embeddable":true,"href":"https:\/\/bajuwaren-laden.de\/index.php?rest_route=%2Fwp%2Fv2%2Fcomments&post=988"}],"wp:featuredmedia":[{"embeddable":true,"href":"https:\/\/bajuwaren-laden.de\/index.php?rest_route=\/wp\/v2\/media\/1895"}],"wp:attachment":[{"href":"https:\/\/bajuwaren-laden.de\/index.php?rest_route=%2Fwp%2Fv2%2Fmedia&parent=988"}],"wp:term":[{"taxonomy":"product_brand","embeddable":true,"href":"https:\/\/bajuwaren-laden.de\/index.php?rest_route=%2Fwp%2Fv2%2Fproduct_brand&post=988"},{"taxonomy":"product_cat","embeddable":true,"href":"https:\/\/bajuwaren-laden.de\/index.php?rest_route=%2Fwp%2Fv2%2Fproduct_cat&post=988"},{"taxonomy":"product_tag","embeddable":true,"href":"https:\/\/bajuwaren-laden.de\/index.php?rest_route=%2Fwp%2Fv2%2Fproduct_tag&post=988"}],"curies":[{"name":"wp","href":"https:\/\/api.w.org\/{rel}","templated":true}]}}