{"id":975,"date":"2019-11-27T14:35:53","date_gmt":"2019-11-27T14:35:53","guid":{"rendered":"http:\/\/bajuwaren-laden.de\/?post_type=product&#038;p=975"},"modified":"2022-02-04T12:53:32","modified_gmt":"2022-02-04T12:53:32","slug":"kamm","status":"publish","type":"product","link":"https:\/\/bajuwaren-laden.de\/?product=kamm","title":{"rendered":"Knochenkamm"},"content":{"rendered":"<p>Der Kamm ist eine der \u00e4ltesten Errungenschaften unserer Zivilisation. Seit mehr als 10.000 Jahren nutzen die Menschen dieses gezackte Utensil, um sich die Haare in Form zu bringen oder Kopfl\u00e4use zu entfernen. Die \u00e4ltesten K\u00e4mme waren aus Knochen, Horn oder Holz geschnitzt. Die R\u00f6mer protzten mit sch\u00f6n verzierten Elfenbeink\u00e4mmen, die sie wie Schmuckst\u00fccke durch die Gegend trugen. Die Germanen schnitzen sich Knochenk\u00e4mme mit einer dreieckiger Griffplatte, weil die besonders gut in der Hand lag. Ein dreieckiger Hirschhornkamm aus Frienstedt in Th\u00fcringen hat Ber\u00fchmtheit erlangt. Ein Germane gravierte dort mit feiner Runenschrift das Wort \u201eka(m)ba\u201c (\u201eKamm\u201c) ein. So wussten seine Gef\u00e4hrten gleich, wozu das Ding gut war. Die R\u00f6mer, Germanen und Merowinger haben vornehme verstorbenen M\u00e4nner f\u00fcr gew\u00f6hnlich K\u00e4mme mit ins Grab gegeben. Auch unserer Krieger von Kemathen hatte einen Knochenkamm in seinem Grab, damit er seine letzte Reise ins Jenseits nicht mit Strubbelfrisur und zerzaustem Bart antreten musste.<\/p>\n","protected":false},"excerpt":{"rendered":"<p>Sofort Lieferbar. Sonderanfertigungen auf Anfrage.<\/p>\n","protected":false},"featured_media":128,"comment_status":"closed","ping_status":"closed","template":"","meta":[],"product_brand":[],"product_cat":[15,222,207],"product_tag":[171,223,226,241,67,225,224,70,117],"class_list":{"0":"post-975","1":"product","2":"type-product","3":"status-publish","4":"has-post-thumbnail","6":"product_cat-unkategorisiert","7":"product_cat-kamm","8":"product_cat-koerperpflege","9":"product_tag-balnea","10":"product_tag-bein","11":"product_tag-elfenbein","12":"product_tag-frisur","13":"product_tag-germanen","14":"product_tag-kamm","15":"product_tag-knochen","16":"product_tag-roemer","17":"product_tag-therme","19":"first","20":"instock","21":"taxable","22":"shipping-taxable","23":"purchasable","24":"product-type-simple"},"_links":{"self":[{"href":"https:\/\/bajuwaren-laden.de\/index.php?rest_route=\/wp\/v2\/product\/975","targetHints":{"allow":["GET"]}}],"collection":[{"href":"https:\/\/bajuwaren-laden.de\/index.php?rest_route=\/wp\/v2\/product"}],"about":[{"href":"https:\/\/bajuwaren-laden.de\/index.php?rest_route=\/wp\/v2\/types\/product"}],"replies":[{"embeddable":true,"href":"https:\/\/bajuwaren-laden.de\/index.php?rest_route=%2Fwp%2Fv2%2Fcomments&post=975"}],"wp:featuredmedia":[{"embeddable":true,"href":"https:\/\/bajuwaren-laden.de\/index.php?rest_route=\/wp\/v2\/media\/128"}],"wp:attachment":[{"href":"https:\/\/bajuwaren-laden.de\/index.php?rest_route=%2Fwp%2Fv2%2Fmedia&parent=975"}],"wp:term":[{"taxonomy":"product_brand","embeddable":true,"href":"https:\/\/bajuwaren-laden.de\/index.php?rest_route=%2Fwp%2Fv2%2Fproduct_brand&post=975"},{"taxonomy":"product_cat","embeddable":true,"href":"https:\/\/bajuwaren-laden.de\/index.php?rest_route=%2Fwp%2Fv2%2Fproduct_cat&post=975"},{"taxonomy":"product_tag","embeddable":true,"href":"https:\/\/bajuwaren-laden.de\/index.php?rest_route=%2Fwp%2Fv2%2Fproduct_tag&post=975"}],"curies":[{"name":"wp","href":"https:\/\/api.w.org\/{rel}","templated":true}]}}