{"id":974,"date":"2019-11-27T14:34:22","date_gmt":"2019-11-27T14:34:22","guid":{"rendered":"http:\/\/bajuwaren-laden.de\/?post_type=product&#038;p=974"},"modified":"2022-02-04T12:54:36","modified_gmt":"2022-02-04T12:54:36","slug":"rote-pigment-vom-eisenoxid","status":"publish","type":"product","link":"https:\/\/bajuwaren-laden.de\/?product=rote-pigment-vom-eisenoxid","title":{"rendered":"Rotes Pigment vom Eisenoxid"},"content":{"rendered":"<p>Schon die Steinzeitmenschen haben ihre H\u00f6hlen, Gesichter und K\u00f6rper mit Pigmenten bemalt. Pigmente \u2013 das sind winzige Farbkristalle. Sie kommen in der Natur in Mineralien und Tonerden vor. Man nennt sie auch &#8222;Erdfarbe&#8220;. Eine dieser Erdfarben ist Eisenoxid. Es entsteht, wenn Eisen &#8222;rostet&#8220; (oxidiert). Schaut mal genau hin: Auf rostigem Eisen seht ihr Pigmente in allen Farben schimmern, gelb, orange, ziegelrot und schokobraun, ja sogar gr\u00fcn und violett. Die R\u00f6mer haben Eisenerz zu Pulver zermahlen, um die farbigen Pigmente zu gewinnen. Das bunte Pulver vertrieben sie dann auf den M\u00e4rkten. Die Frauen kauften es dort in kleinen T\u00fctchen. Zuhause r\u00fchrten sie sich das Farbpulver mit etwas Rindertalg oder Bienenwachs an. Besonders begehrt: rote und braune Pigmente, aus denen sie leuchtende Lippenfarbe und Wangenrouge herstellten. Daran hat sich wenig ge\u00e4ndert. Denn die bunten Eisenoxide stecken auch in unseren heutigen T\u00f6nungscremes, Concealern und Make-up.<\/p>\n","protected":false},"excerpt":{"rendered":"<p>Die Herstellung des Pigments ist sehr zeitaufw\u00e4ndig und es kann zu Lieferverz\u00fcgen von mehreren Monaten kommen.<\/p>\n","protected":false},"featured_media":1894,"comment_status":"closed","ping_status":"closed","template":"","meta":[],"product_brand":[],"product_cat":[218,207],"product_tag":[171,98,219,183,99,220,70,221,231,117],"class_list":{"0":"post-974","1":"product","2":"type-product","3":"status-publish","4":"has-post-thumbnail","6":"product_cat-eisenoxid","7":"product_cat-koerperpflege","8":"product_tag-balnea","9":"product_tag-bienenwachs","10":"product_tag-eisenoxid","11":"product_tag-frauen","12":"product_tag-lippenstift","13":"product_tag-makeup","14":"product_tag-roemer","15":"product_tag-rouge","16":"product_tag-schminke","17":"product_tag-therme","19":"first","20":"instock","21":"taxable","22":"shipping-taxable","23":"purchasable","24":"product-type-simple"},"_links":{"self":[{"href":"https:\/\/bajuwaren-laden.de\/index.php?rest_route=\/wp\/v2\/product\/974","targetHints":{"allow":["GET"]}}],"collection":[{"href":"https:\/\/bajuwaren-laden.de\/index.php?rest_route=\/wp\/v2\/product"}],"about":[{"href":"https:\/\/bajuwaren-laden.de\/index.php?rest_route=\/wp\/v2\/types\/product"}],"replies":[{"embeddable":true,"href":"https:\/\/bajuwaren-laden.de\/index.php?rest_route=%2Fwp%2Fv2%2Fcomments&post=974"}],"wp:featuredmedia":[{"embeddable":true,"href":"https:\/\/bajuwaren-laden.de\/index.php?rest_route=\/wp\/v2\/media\/1894"}],"wp:attachment":[{"href":"https:\/\/bajuwaren-laden.de\/index.php?rest_route=%2Fwp%2Fv2%2Fmedia&parent=974"}],"wp:term":[{"taxonomy":"product_brand","embeddable":true,"href":"https:\/\/bajuwaren-laden.de\/index.php?rest_route=%2Fwp%2Fv2%2Fproduct_brand&post=974"},{"taxonomy":"product_cat","embeddable":true,"href":"https:\/\/bajuwaren-laden.de\/index.php?rest_route=%2Fwp%2Fv2%2Fproduct_cat&post=974"},{"taxonomy":"product_tag","embeddable":true,"href":"https:\/\/bajuwaren-laden.de\/index.php?rest_route=%2Fwp%2Fv2%2Fproduct_tag&post=974"}],"curies":[{"name":"wp","href":"https:\/\/api.w.org\/{rel}","templated":true}]}}