{"id":972,"date":"2019-11-27T14:31:05","date_gmt":"2019-11-27T14:31:05","guid":{"rendered":"http:\/\/bajuwaren-laden.de\/?post_type=product&#038;p=972"},"modified":"2020-04-08T12:10:17","modified_gmt":"2020-04-08T12:10:17","slug":"seife","status":"publish","type":"product","link":"https:\/\/bajuwaren-laden.de\/?product=seife","title":{"rendered":"Seife (germ.: seifa)"},"content":{"rendered":"<p>Kaum zu glauben aber wahr: Nicht die badelustigen R\u00f6mer, sondern die angeblich so zotteligen Germanen sollen sich als erste mit Seife gewaschen haben. Die Germanen r\u00fchrten ihre Seife aus fein gesiebter Buchenasche und Ziegentalg zusammen. Diese gr\u00e4uliche Pampe benutzten sie zugleich als Sch\u00f6nheitsmittelchen &#8211; konnten sie damit auch gleich noch ihre Haare blond bleichen und Frisuren stylen. In dieser Hinsicht waren die wilden Barbaren echte &#8222;Influencer&#8220;. Denn solche kosmetischen Tricks guckten sich die R\u00f6mer dann gern von ihnen ab. Sowohl die Germanen als auch die R\u00f6mer kannten die Seife nur als matschigen Brei. Erst den Araber des 7. Jahrhunderts ist es gelungen, feste Seifen herzustellen. Dazu haben sie gebrannten Kalk mit \u00d6l und basischen Salzen zusammengekocht. Aus der Masse haben dann sie Seifenst\u00fccke geschnitten, so wie wir sie kennen.<\/p>\n","protected":false},"excerpt":{"rendered":"<p>Sofort Lieferbar<\/p>\n","protected":false},"featured_media":914,"comment_status":"closed","ping_status":"closed","template":"","meta":[],"product_brand":[],"product_cat":[207,213],"product_tag":[216,67,215,214,217],"class_list":{"0":"post-972","1":"product","2":"type-product","3":"status-publish","4":"has-post-thumbnail","6":"product_cat-koerperpflege","7":"product_cat-seife","8":"product_tag-buchenasche","9":"product_tag-germanen","10":"product_tag-koerperpflege","11":"product_tag-seife","12":"product_tag-ziegentalg","14":"first","15":"instock","16":"taxable","17":"shipping-taxable","18":"purchasable","19":"product-type-simple"},"_links":{"self":[{"href":"https:\/\/bajuwaren-laden.de\/index.php?rest_route=\/wp\/v2\/product\/972","targetHints":{"allow":["GET"]}}],"collection":[{"href":"https:\/\/bajuwaren-laden.de\/index.php?rest_route=\/wp\/v2\/product"}],"about":[{"href":"https:\/\/bajuwaren-laden.de\/index.php?rest_route=\/wp\/v2\/types\/product"}],"replies":[{"embeddable":true,"href":"https:\/\/bajuwaren-laden.de\/index.php?rest_route=%2Fwp%2Fv2%2Fcomments&post=972"}],"wp:featuredmedia":[{"embeddable":true,"href":"https:\/\/bajuwaren-laden.de\/index.php?rest_route=\/wp\/v2\/media\/914"}],"wp:attachment":[{"href":"https:\/\/bajuwaren-laden.de\/index.php?rest_route=%2Fwp%2Fv2%2Fmedia&parent=972"}],"wp:term":[{"taxonomy":"product_brand","embeddable":true,"href":"https:\/\/bajuwaren-laden.de\/index.php?rest_route=%2Fwp%2Fv2%2Fproduct_brand&post=972"},{"taxonomy":"product_cat","embeddable":true,"href":"https:\/\/bajuwaren-laden.de\/index.php?rest_route=%2Fwp%2Fv2%2Fproduct_cat&post=972"},{"taxonomy":"product_tag","embeddable":true,"href":"https:\/\/bajuwaren-laden.de\/index.php?rest_route=%2Fwp%2Fv2%2Fproduct_tag&post=972"}],"curies":[{"name":"wp","href":"https:\/\/api.w.org\/{rel}","templated":true}]}}