{"id":936,"date":"2019-11-25T14:23:28","date_gmt":"2019-11-25T14:23:28","guid":{"rendered":"http:\/\/bajuwaren-laden.de\/?post_type=product&#038;p=936"},"modified":"2022-02-04T12:56:43","modified_gmt":"2022-02-04T12:56:43","slug":"vorratsdose","status":"publish","type":"product","link":"https:\/\/bajuwaren-laden.de\/?product=vorratsdose","title":{"rendered":"Tupperdose"},"content":{"rendered":"<p>Der Siegeszug dieser Plastikbox beginnt in den 1940 Jahren in den USA, in dem kleinen Ort namens Berlin. Dort lebte der pfiffige Farmerssohn Earl Silas Tupper. Statt auf dem Feld zu ackern, verkroch er sich lieber im Schuppen, wo er viele mehr oder weniger n\u00fctzliche Dinge erfand. Als junger Mann hatte er seinen ersten Job in einem Chemiekonzern. Dort lernte er den Kunststoff Polyethylen kennen. Bald kam Tupper auf die Idee, luft- und wasserdichte Lebensmitteldosen aus diesem Polyethylen herzustellen. Diese \u201eWundersch\u00fcsseln\u201c fanden rei\u00dfenden Absatz unter amerikanischen Hausfrauen. Tupper hatte au\u00dferdem die Idee, seine Dosen nicht in Gesch\u00e4ften, sondern auf \u201eTupper-Parties\u201c zu verkaufen. Und das ist bis heute so geblieben.<\/p>\n","protected":false},"excerpt":{"rendered":"<p>Nicht lieferbar! Erst in den 1960er Jahren wird die Tupper-Welle nach Europa schwappen.<\/p>\n","protected":false},"featured_media":1888,"comment_status":"closed","ping_status":"closed","template":"","meta":[],"product_brand":[],"product_cat":[15,204],"product_tag":[242,206,205],"class_list":{"0":"post-936","1":"product","2":"type-product","3":"status-publish","4":"has-post-thumbnail","6":"product_cat-unkategorisiert","7":"product_cat-vorratsdose","8":"product_tag-plastik","9":"product_tag-tupper","10":"product_tag-vorratsdose","12":"first","13":"onbackorder","14":"taxable","15":"shipping-taxable","16":"purchasable","17":"product-type-simple"},"_links":{"self":[{"href":"https:\/\/bajuwaren-laden.de\/index.php?rest_route=\/wp\/v2\/product\/936","targetHints":{"allow":["GET"]}}],"collection":[{"href":"https:\/\/bajuwaren-laden.de\/index.php?rest_route=\/wp\/v2\/product"}],"about":[{"href":"https:\/\/bajuwaren-laden.de\/index.php?rest_route=\/wp\/v2\/types\/product"}],"replies":[{"embeddable":true,"href":"https:\/\/bajuwaren-laden.de\/index.php?rest_route=%2Fwp%2Fv2%2Fcomments&post=936"}],"wp:featuredmedia":[{"embeddable":true,"href":"https:\/\/bajuwaren-laden.de\/index.php?rest_route=\/wp\/v2\/media\/1888"}],"wp:attachment":[{"href":"https:\/\/bajuwaren-laden.de\/index.php?rest_route=%2Fwp%2Fv2%2Fmedia&parent=936"}],"wp:term":[{"taxonomy":"product_brand","embeddable":true,"href":"https:\/\/bajuwaren-laden.de\/index.php?rest_route=%2Fwp%2Fv2%2Fproduct_brand&post=936"},{"taxonomy":"product_cat","embeddable":true,"href":"https:\/\/bajuwaren-laden.de\/index.php?rest_route=%2Fwp%2Fv2%2Fproduct_cat&post=936"},{"taxonomy":"product_tag","embeddable":true,"href":"https:\/\/bajuwaren-laden.de\/index.php?rest_route=%2Fwp%2Fv2%2Fproduct_tag&post=936"}],"curies":[{"name":"wp","href":"https:\/\/api.w.org\/{rel}","templated":true}]}}