{"id":931,"date":"2019-11-25T14:05:42","date_gmt":"2019-11-25T14:05:42","guid":{"rendered":"http:\/\/bajuwaren-laden.de\/?post_type=product&#038;p=931"},"modified":"2022-02-04T12:58:34","modified_gmt":"2022-02-04T12:58:34","slug":"931","status":"publish","type":"product","link":"https:\/\/bajuwaren-laden.de\/?product=931","title":{"rendered":"Holzl\u00f6ffel"},"content":{"rendered":"<p>Am liebsten schl\u00fcrften die Germanen ihr S\u00fcppchen direkt vom Teller weg. Doch wenn es fein zuging, benutzten sie L\u00f6ffel. Der L\u00f6ffel (vom germ. *lap &#8211; &#8222;lecken, schl\u00fcrfen&#8220;) ist das \u00e4lteste und auf lange Zeit auch einzige Esswerkzeug.\u00a0 Messer waren zwar schon seit der Steinzeit bekannt und wurden zum Zers\u00e4beln von Fleisch genutzt, aber gefuttert hat man dann mit den Fingern. Die Germanen haben sich ihre L\u00f6ffel aus Holz oder Knochen geschnitzt. In der Form einer offenen Hand, was zum Schl\u00fcrfen sehr praktisch war. Eine regelrechte \u201eL\u00f6ffelkultur\u201c entwickelten die R\u00f6mer. Ihren ber\u00fchmten Getreidebrei (<em>puls<\/em>) l\u00f6ffelten sie mit gro\u00dfen Essl\u00f6ffeln aus, die <em>ligulae<\/em> hie\u00dfen. Die R\u00f6mer nutzen auch feine silberne Spie\u00dfl\u00f6ffelchen (<em>cochlearia<\/em>). Die sahen wie unsere Kaffeel\u00f6ffel aus. Allerdings hatten sie einen langen spitzen Stil, mit dem man H\u00e4ppchen aufpieksen oder kleine Schnecken aus ihrem Haus ziehen konnte. Dieses Spie\u00dfl\u00f6ffelchen war der Vorg\u00e4nger unserer Gabel.<\/p>\n","protected":false},"excerpt":{"rendered":"<p>Sofort lieferbar. Individuelle Anfertigung auf Anfrage.<\/p>\n","protected":false},"featured_media":1889,"comment_status":"closed","ping_status":"closed","template":"","meta":[],"product_brand":[],"product_cat":[15,199],"product_tag":[125,67,245,200],"class_list":{"0":"post-931","1":"product","2":"type-product","3":"status-publish","4":"has-post-thumbnail","6":"product_cat-unkategorisiert","7":"product_cat-loeffel","8":"product_tag-essen","9":"product_tag-germanen","10":"product_tag-kuechenausstattung","11":"product_tag-loeffel","13":"first","14":"instock","15":"taxable","16":"shipping-taxable","17":"purchasable","18":"product-type-simple"},"_links":{"self":[{"href":"https:\/\/bajuwaren-laden.de\/index.php?rest_route=\/wp\/v2\/product\/931","targetHints":{"allow":["GET"]}}],"collection":[{"href":"https:\/\/bajuwaren-laden.de\/index.php?rest_route=\/wp\/v2\/product"}],"about":[{"href":"https:\/\/bajuwaren-laden.de\/index.php?rest_route=\/wp\/v2\/types\/product"}],"replies":[{"embeddable":true,"href":"https:\/\/bajuwaren-laden.de\/index.php?rest_route=%2Fwp%2Fv2%2Fcomments&post=931"}],"wp:featuredmedia":[{"embeddable":true,"href":"https:\/\/bajuwaren-laden.de\/index.php?rest_route=\/wp\/v2\/media\/1889"}],"wp:attachment":[{"href":"https:\/\/bajuwaren-laden.de\/index.php?rest_route=%2Fwp%2Fv2%2Fmedia&parent=931"}],"wp:term":[{"taxonomy":"product_brand","embeddable":true,"href":"https:\/\/bajuwaren-laden.de\/index.php?rest_route=%2Fwp%2Fv2%2Fproduct_brand&post=931"},{"taxonomy":"product_cat","embeddable":true,"href":"https:\/\/bajuwaren-laden.de\/index.php?rest_route=%2Fwp%2Fv2%2Fproduct_cat&post=931"},{"taxonomy":"product_tag","embeddable":true,"href":"https:\/\/bajuwaren-laden.de\/index.php?rest_route=%2Fwp%2Fv2%2Fproduct_tag&post=931"}],"curies":[{"name":"wp","href":"https:\/\/api.w.org\/{rel}","templated":true}]}}