{"id":928,"date":"2019-11-25T14:00:21","date_gmt":"2019-11-25T14:00:21","guid":{"rendered":"http:\/\/bajuwaren-laden.de\/?post_type=product&#038;p=928"},"modified":"2020-04-07T10:45:36","modified_gmt":"2020-04-07T10:45:36","slug":"kochtopf-aus-ton","status":"publish","type":"product","link":"https:\/\/bajuwaren-laden.de\/?product=kochtopf-aus-ton","title":{"rendered":"Kochtopf aus Ton"},"content":{"rendered":"<p>Unsere Vorfahren kochten ihr Essen am h\u00e4ufigsten in Geschirr aus Keramik. Wer es sich leisten konnte, besa\u00df gleich ein ganzes Topfset. Es gab T\u00f6pfe, in denen d\u00fcnne Fladenbrote gebacken, Hammelfleisch gegart oder Bier gebraut wurde. Gekocht hat man auf gemauerten Herdst\u00e4tten \u00fcber dem offenen Feuer. Der Topf selbst stand auf einem Dreifu\u00df oder geschmiedeten Gitter. Einige Germanen bauten Gruben an ihre H\u00e4user, wo sie ihr Essen auf erhitzten Steinen garten. Die R\u00f6mer liebten schmuck verzierten Dreibeint\u00f6pfe, die sie direkt auf die hei\u00dfe Glut stellten. Dadurch blieb das Essen sch\u00f6n warm. Eine Art &#8222;Thermomix&#8220; der Antike &#8211; das waren die Kessel aus Eisen, Kupfer oder Bronze, wie Ihr sie von Miraculix&#8216; Zaubertrank kennt. In diesen metallenen T\u00f6pfe garte das Essen viel schneller als in T\u00f6pfen aus Ton. Findige K\u00f6che h\u00e4ngten solche Kessel kurzerhand an die Decke. \u00dcber eine lange Kette konnten sie den Kessel zum Feuer absenken, hochziehen oder auch wegschwenken, wenn das Essen fertig war. Genial! Metallene T\u00f6pfe waren so wertvoll, dass sie von Generation zu Generation weitervererbt wurden.<\/p>\n","protected":false},"excerpt":{"rendered":"<p>Das Produkt ist sofort lieferbar<\/p>\n","protected":false},"featured_media":930,"comment_status":"closed","ping_status":"closed","template":"","meta":[],"product_brand":[],"product_cat":[15,196],"product_tag":[67,198,246,197],"class_list":{"0":"post-928","1":"product","2":"type-product","3":"status-publish","4":"has-post-thumbnail","6":"product_cat-unkategorisiert","7":"product_cat-topf","8":"product_tag-germanen","9":"product_tag-kessel","10":"product_tag-suppe","11":"product_tag-topf","13":"first","14":"instock","15":"taxable","16":"shipping-taxable","17":"purchasable","18":"product-type-simple"},"_links":{"self":[{"href":"https:\/\/bajuwaren-laden.de\/index.php?rest_route=\/wp\/v2\/product\/928","targetHints":{"allow":["GET"]}}],"collection":[{"href":"https:\/\/bajuwaren-laden.de\/index.php?rest_route=\/wp\/v2\/product"}],"about":[{"href":"https:\/\/bajuwaren-laden.de\/index.php?rest_route=\/wp\/v2\/types\/product"}],"replies":[{"embeddable":true,"href":"https:\/\/bajuwaren-laden.de\/index.php?rest_route=%2Fwp%2Fv2%2Fcomments&post=928"}],"wp:featuredmedia":[{"embeddable":true,"href":"https:\/\/bajuwaren-laden.de\/index.php?rest_route=\/wp\/v2\/media\/930"}],"wp:attachment":[{"href":"https:\/\/bajuwaren-laden.de\/index.php?rest_route=%2Fwp%2Fv2%2Fmedia&parent=928"}],"wp:term":[{"taxonomy":"product_brand","embeddable":true,"href":"https:\/\/bajuwaren-laden.de\/index.php?rest_route=%2Fwp%2Fv2%2Fproduct_brand&post=928"},{"taxonomy":"product_cat","embeddable":true,"href":"https:\/\/bajuwaren-laden.de\/index.php?rest_route=%2Fwp%2Fv2%2Fproduct_cat&post=928"},{"taxonomy":"product_tag","embeddable":true,"href":"https:\/\/bajuwaren-laden.de\/index.php?rest_route=%2Fwp%2Fv2%2Fproduct_tag&post=928"}],"curies":[{"name":"wp","href":"https:\/\/api.w.org\/{rel}","templated":true}]}}