{"id":926,"date":"2019-11-25T13:57:26","date_gmt":"2019-11-25T13:57:26","guid":{"rendered":"http:\/\/bajuwaren-laden.de\/?post_type=product&#038;p=926"},"modified":"2020-04-08T11:42:58","modified_gmt":"2020-04-08T11:42:58","slug":"schuessel-aus-terra-sigillata","status":"publish","type":"product","link":"https:\/\/bajuwaren-laden.de\/?product=schuessel-aus-terra-sigillata","title":{"rendered":"Sch\u00fcssel aus Terra sigillata"},"content":{"rendered":"<p>Unsere Sch\u00fcsseln aus Terra sigillata gl\u00e4nzen in warmen Rot und sind pr\u00e4chtig verziert. Bl\u00fcmchen, Tiere, Gladiatoren, so ja sogar pikante Liebesszenen r\u00f6mischer G\u00f6tter sind darauf zu finden. In den vornehmen r\u00f6mischen Villen geh\u00f6rte das edle Geschirr zur feinen Tischkultur. Auch in den Provinzen rissen sich die R\u00f6mer um die rot glasierte irdene Ware. Zun\u00e4chst karrten H\u00e4ndler die Sch\u00fcsseln kistenweise \u00fcber die Alpen. Doch bald kamen eigene Produktionswerkst\u00e4tten im r\u00f6misch besetzten Gallien und Rheinland auf. Eine der gr\u00f6\u00dften Manufakturen lag im 3. Jahrhundert in Trier. Den putzige Namen \u201eterra sigillata\u201c (w\u00f6rtlich \u201eSiegelerde\u201c) haben die Arch\u00e4ologen dem Geschirr verpasst, als sie herausgefunden hatten, dass die r\u00f6mischen T\u00f6pfer damals jeder einzelnen Sch\u00fcssel einen eigenen Firmenstempel eingedr\u00fcckt hatte. So wusste man gleich, woher das gute St\u00fcck kam.<\/p>\n","protected":false},"excerpt":{"rendered":"<p>Aus den r\u00f6mischen Gegenden Galliens und Germania Superior in wenigen Tagen lieferbar<\/p>\n","protected":false},"featured_media":927,"comment_status":"closed","ping_status":"closed","template":"","meta":[],"product_brand":[],"product_cat":[15],"product_tag":[248,247,70,194,195],"class_list":{"0":"post-926","1":"product","2":"type-product","3":"status-publish","4":"has-post-thumbnail","6":"product_cat-unkategorisiert","7":"product_tag-festmahl","8":"product_tag-keramik","9":"product_tag-roemer","10":"product_tag-schuessel","11":"product_tag-ton","13":"first","14":"instock","15":"taxable","16":"shipping-taxable","17":"purchasable","18":"product-type-simple"},"_links":{"self":[{"href":"https:\/\/bajuwaren-laden.de\/index.php?rest_route=\/wp\/v2\/product\/926","targetHints":{"allow":["GET"]}}],"collection":[{"href":"https:\/\/bajuwaren-laden.de\/index.php?rest_route=\/wp\/v2\/product"}],"about":[{"href":"https:\/\/bajuwaren-laden.de\/index.php?rest_route=\/wp\/v2\/types\/product"}],"replies":[{"embeddable":true,"href":"https:\/\/bajuwaren-laden.de\/index.php?rest_route=%2Fwp%2Fv2%2Fcomments&post=926"}],"wp:featuredmedia":[{"embeddable":true,"href":"https:\/\/bajuwaren-laden.de\/index.php?rest_route=\/wp\/v2\/media\/927"}],"wp:attachment":[{"href":"https:\/\/bajuwaren-laden.de\/index.php?rest_route=%2Fwp%2Fv2%2Fmedia&parent=926"}],"wp:term":[{"taxonomy":"product_brand","embeddable":true,"href":"https:\/\/bajuwaren-laden.de\/index.php?rest_route=%2Fwp%2Fv2%2Fproduct_brand&post=926"},{"taxonomy":"product_cat","embeddable":true,"href":"https:\/\/bajuwaren-laden.de\/index.php?rest_route=%2Fwp%2Fv2%2Fproduct_cat&post=926"},{"taxonomy":"product_tag","embeddable":true,"href":"https:\/\/bajuwaren-laden.de\/index.php?rest_route=%2Fwp%2Fv2%2Fproduct_tag&post=926"}],"curies":[{"name":"wp","href":"https:\/\/api.w.org\/{rel}","templated":true}]}}