{"id":894,"date":"2019-11-20T17:12:28","date_gmt":"2019-11-20T17:12:28","guid":{"rendered":"http:\/\/bajuwaren-laden.de\/?post_type=product&#038;p=894"},"modified":"2020-04-09T09:18:00","modified_gmt":"2020-04-09T09:18:00","slug":"jeans","status":"publish","type":"product","link":"https:\/\/bajuwaren-laden.de\/?product=jeans","title":{"rendered":"Jeanshose"},"content":{"rendered":"<p>Die ersten Jeans trugen weder die R\u00f6mer noch die Germanen, sondern die Goldgr\u00e4ber in St. Francisco. Der in Franken geborene H\u00e4ndler Levi Strau\u00df, der zur Mitte des 18. Jahrhunderts nach Kalifornien ausgewandert war, fand heraus, dass die Arbeitshose von M\u00e4nnern, die nach Gold sch\u00fcrfen, vor allem robust sein muss. Kurzerhand lie\u00df er einige Hosen aus festem Zeltstoff schneidern und mit Nieten verst\u00e4rken. Eine tolle Gesch\u00e4ftsidee war geboren. Bald wurden die Arbeitshosen aus einem indigoblauen Stoff gen\u00e4ht, daher der Name \u201eBlue Jeans\u201c. Wie ein Blitz verbreitete sich die Jeans zuerst in Nordamerika, wo sie zu einer Art Dienstbekleidung der Cowboys, Farmer, Handwerker und Arbeiter wurde. Nach dem zweiten Weltkrieg kam das praktische Beinkleid mit den amerikanischen Soldaten nach Europa und trat hier seinen Siegeszug an.<\/p>\n","protected":false},"excerpt":{"rendered":"<p>Auf die erste patentierte Jeans von Levi Strauss muss bis 1873 gewartet werden.<\/p>\n","protected":false},"featured_media":896,"comment_status":"closed","ping_status":"closed","template":"","meta":[],"product_brand":[],"product_cat":[168],"product_tag":[192,174,191],"class_list":{"0":"post-894","1":"product","2":"type-product","3":"status-publish","4":"has-post-thumbnail","6":"product_cat-kleidung","7":"product_tag-goldgraeber","8":"product_tag-hose","9":"product_tag-jeans","11":"first","12":"onbackorder","13":"taxable","14":"shipping-taxable","15":"purchasable","16":"product-type-simple"},"_links":{"self":[{"href":"https:\/\/bajuwaren-laden.de\/index.php?rest_route=\/wp\/v2\/product\/894","targetHints":{"allow":["GET"]}}],"collection":[{"href":"https:\/\/bajuwaren-laden.de\/index.php?rest_route=\/wp\/v2\/product"}],"about":[{"href":"https:\/\/bajuwaren-laden.de\/index.php?rest_route=\/wp\/v2\/types\/product"}],"replies":[{"embeddable":true,"href":"https:\/\/bajuwaren-laden.de\/index.php?rest_route=%2Fwp%2Fv2%2Fcomments&post=894"}],"wp:featuredmedia":[{"embeddable":true,"href":"https:\/\/bajuwaren-laden.de\/index.php?rest_route=\/wp\/v2\/media\/896"}],"wp:attachment":[{"href":"https:\/\/bajuwaren-laden.de\/index.php?rest_route=%2Fwp%2Fv2%2Fmedia&parent=894"}],"wp:term":[{"taxonomy":"product_brand","embeddable":true,"href":"https:\/\/bajuwaren-laden.de\/index.php?rest_route=%2Fwp%2Fv2%2Fproduct_brand&post=894"},{"taxonomy":"product_cat","embeddable":true,"href":"https:\/\/bajuwaren-laden.de\/index.php?rest_route=%2Fwp%2Fv2%2Fproduct_cat&post=894"},{"taxonomy":"product_tag","embeddable":true,"href":"https:\/\/bajuwaren-laden.de\/index.php?rest_route=%2Fwp%2Fv2%2Fproduct_tag&post=894"}],"curies":[{"name":"wp","href":"https:\/\/api.w.org\/{rel}","templated":true}]}}