{"id":892,"date":"2019-11-20T17:11:23","date_gmt":"2019-11-20T17:11:23","guid":{"rendered":"http:\/\/bajuwaren-laden.de\/?post_type=product&#038;p=892"},"modified":"2020-04-08T12:36:06","modified_gmt":"2020-04-08T12:36:06","slug":"fibel-fibula","status":"publish","type":"product","link":"https:\/\/bajuwaren-laden.de\/?product=fibel-fibula","title":{"rendered":"Fibel (fibula)"},"content":{"rendered":"<p>Eine Fibel \u00e4hnelt einer gro\u00dfen Sicherheitsnadel. Unsere Vorfahren benutzten sie, um ihre Tuniken, M\u00e4ntel und Kleider zu verschlie\u00dfen, denn Kn\u00f6pfe hat es damals noch nicht gegeben. Die \u00e4lteste erhaltene Fibel ist 2.500 Jahre alt und stammt aus der Bronzezeit. R\u00f6mer, Germanen, Kelten, Wikinger \u2013 sie alle nutzten diese antike Kleidernadel und kreierten im Laufe der Zeit schmucke Formen und Muster. So konnten Fibeln mit Masken und Perlen verziert sein oder mit K\u00f6pfen von Fabelwesen. Oft wurde die Fibel als Schmuck zur Schau gestellt, so \u00e4hnlich wie heute die Brosche. Manchmal hat die Fibel auch verraten, ob ihr Tr\u00e4ger eine wichtige Person in der Gesellschaft war. Sie waren also auch eine Art Standesabzeichen. Bis ins 13. Jahrhundert hinein wurden Fibeln getragen. Dann wurden Kn\u00f6pfe erfunden und Fibeln kamen aus der Mode.<\/p>\n","protected":false},"excerpt":{"rendered":"<p>Vorhandene Modelle sofort lieferbar. Neuanfertigungen auf Anfrage.<\/p>\n","protected":false},"featured_media":895,"comment_status":"closed","ping_status":"closed","template":"","meta":[],"product_brand":[],"product_cat":[186,168],"product_tag":[187,67,189,249,188,70,250,190],"class_list":{"0":"post-892","1":"product","2":"type-product","3":"status-publish","4":"has-post-thumbnail","6":"product_cat-fibel","7":"product_cat-kleidung","8":"product_tag-fibel","9":"product_tag-germanen","10":"product_tag-gewandspange","11":"product_tag-kleid","12":"product_tag-mantel","13":"product_tag-roemer","14":"product_tag-schmuck","15":"product_tag-sicherheitsnadel","17":"first","18":"instock","19":"taxable","20":"shipping-taxable","21":"purchasable","22":"product-type-simple"},"_links":{"self":[{"href":"https:\/\/bajuwaren-laden.de\/index.php?rest_route=\/wp\/v2\/product\/892","targetHints":{"allow":["GET"]}}],"collection":[{"href":"https:\/\/bajuwaren-laden.de\/index.php?rest_route=\/wp\/v2\/product"}],"about":[{"href":"https:\/\/bajuwaren-laden.de\/index.php?rest_route=\/wp\/v2\/types\/product"}],"replies":[{"embeddable":true,"href":"https:\/\/bajuwaren-laden.de\/index.php?rest_route=%2Fwp%2Fv2%2Fcomments&post=892"}],"wp:featuredmedia":[{"embeddable":true,"href":"https:\/\/bajuwaren-laden.de\/index.php?rest_route=\/wp\/v2\/media\/895"}],"wp:attachment":[{"href":"https:\/\/bajuwaren-laden.de\/index.php?rest_route=%2Fwp%2Fv2%2Fmedia&parent=892"}],"wp:term":[{"taxonomy":"product_brand","embeddable":true,"href":"https:\/\/bajuwaren-laden.de\/index.php?rest_route=%2Fwp%2Fv2%2Fproduct_brand&post=892"},{"taxonomy":"product_cat","embeddable":true,"href":"https:\/\/bajuwaren-laden.de\/index.php?rest_route=%2Fwp%2Fv2%2Fproduct_cat&post=892"},{"taxonomy":"product_tag","embeddable":true,"href":"https:\/\/bajuwaren-laden.de\/index.php?rest_route=%2Fwp%2Fv2%2Fproduct_tag&post=892"}],"curies":[{"name":"wp","href":"https:\/\/api.w.org\/{rel}","templated":true}]}}