{"id":885,"date":"2019-11-18T06:40:49","date_gmt":"2019-11-18T06:40:49","guid":{"rendered":"http:\/\/bajuwaren-laden.de\/?post_type=product&#038;p=885"},"modified":"2020-04-09T05:55:07","modified_gmt":"2020-04-09T05:55:07","slug":"tunika","status":"publish","type":"product","link":"https:\/\/bajuwaren-laden.de\/?product=tunika","title":{"rendered":"Tunika (tunica)"},"content":{"rendered":"<p>Die Tunika war <em>das<\/em> Kleidungsst\u00fcck der Antike. Sie sah wie ein \u00fcbergro\u00dfes T-Shirt aus. Jeder hat sie getragen: M\u00e4nner, Frauen, Kinder, Soldaten, Kaiser und Sklaven. Und sie wurde universal eingesetzt, als Nachthemd, Hauskleid oder Unterkleid unter Stola, Mantel oder Toga. F\u00fcr einfache Leute war sie eine Art \u201eStrassen-Basic\u201c. Die ersten Tuniken bestanden aus zwei rechteckigen Stoffbahnen, an den Schultern von Fiebeln zusammengesteckt. Sp\u00e4ter kamen kurze\u00a0 \u00c4rmelchen hinzu. Frauen trugen ihre Tunika bodenlang. Den M\u00e4nnern reichte sie bis zu den Knien. Wer aus dem Haus ging, stylte seine Tunika mit einem schicken G\u00fcrtel. Im Sommer trugen die Leute Tuniken aus luftigem Leinen. Im Winter w\u00e4rmte Wolle. Lange Zeit waren beige als Farbe im Trend. Wer es sich leisten konnte, f\u00e4rbte seine Tunika mit Naturfarben ein. Beim Milit\u00e4r stolzierten die Offiziere mit roten Tuniken durch die Gegend, w\u00e4hrend sich die Soldaten mit wollwei\u00dfen Tuniken begn\u00fcgten.<\/p>\n","protected":false},"excerpt":{"rendered":"<p>Die Tunika war das Kleidungsst\u00fcck der Antike. Sie sah wie ein \u00fcbergro\u00dfes T-Shirt aus. Jeder hat sie getragen: M\u00e4nner, Frauen, Kinder, Soldaten, Kaiser und Sklaven. Und sie wurde universal eingesetzt, als Nachthemd, Hauskleid oder Unterkleid unter Stola, Mantel oder Toga. F\u00fcr einfache Leute war sie eine Art \u201eStrassen-Basic\u201c. Die ersten Tuniken bestanden aus zwei rechteckigen [&hellip;]<\/p>\n","protected":false},"featured_media":886,"comment_status":"closed","ping_status":"closed","template":"","meta":[],"product_brand":[],"product_cat":[168,179],"product_tag":[183,182,251,70,181,180],"class_list":{"0":"post-885","1":"product","2":"type-product","3":"status-publish","4":"has-post-thumbnail","6":"product_cat-kleidung","7":"product_cat-tunika","8":"product_tag-frauen","9":"product_tag-kinder","10":"product_tag-kleidung","11":"product_tag-roemer","12":"product_tag-soldat","13":"product_tag-tunika","15":"first","16":"instock","17":"taxable","18":"shipping-taxable","19":"purchasable","20":"product-type-simple"},"_links":{"self":[{"href":"https:\/\/bajuwaren-laden.de\/index.php?rest_route=\/wp\/v2\/product\/885","targetHints":{"allow":["GET"]}}],"collection":[{"href":"https:\/\/bajuwaren-laden.de\/index.php?rest_route=\/wp\/v2\/product"}],"about":[{"href":"https:\/\/bajuwaren-laden.de\/index.php?rest_route=\/wp\/v2\/types\/product"}],"replies":[{"embeddable":true,"href":"https:\/\/bajuwaren-laden.de\/index.php?rest_route=%2Fwp%2Fv2%2Fcomments&post=885"}],"wp:featuredmedia":[{"embeddable":true,"href":"https:\/\/bajuwaren-laden.de\/index.php?rest_route=\/wp\/v2\/media\/886"}],"wp:attachment":[{"href":"https:\/\/bajuwaren-laden.de\/index.php?rest_route=%2Fwp%2Fv2%2Fmedia&parent=885"}],"wp:term":[{"taxonomy":"product_brand","embeddable":true,"href":"https:\/\/bajuwaren-laden.de\/index.php?rest_route=%2Fwp%2Fv2%2Fproduct_brand&post=885"},{"taxonomy":"product_cat","embeddable":true,"href":"https:\/\/bajuwaren-laden.de\/index.php?rest_route=%2Fwp%2Fv2%2Fproduct_cat&post=885"},{"taxonomy":"product_tag","embeddable":true,"href":"https:\/\/bajuwaren-laden.de\/index.php?rest_route=%2Fwp%2Fv2%2Fproduct_tag&post=885"}],"curies":[{"name":"wp","href":"https:\/\/api.w.org\/{rel}","templated":true}]}}