{"id":880,"date":"2019-11-18T06:30:38","date_gmt":"2019-11-18T06:30:38","guid":{"rendered":"http:\/\/bajuwaren-laden.de\/?post_type=product&#038;p=880"},"modified":"2022-02-04T13:02:54","modified_gmt":"2022-02-04T13:02:54","slug":"bikini","status":"publish","type":"product","link":"https:\/\/bajuwaren-laden.de\/?product=bikini","title":{"rendered":"Bikini"},"content":{"rendered":"<p>Kaum zu glauben aber wahr: Bikinis kannten schon die R\u00f6mer! Das zumindest legt ein 1.600 Jahre altes Mosaik in einer r\u00f6mischen Villa auf Sizilien nahe, das r\u00f6mische M\u00e4dchen im knappen Zweiteiler zeigt. Ihre feschen Dessous bestehen aus einem H\u00f6schen und einem Bandeau-Top, das die Brust verh\u00fcllt. Das scheint eine Art Sport- bzw. Fitnessbekleidung gewesen zu sein. Denn auf unserem Mosaik sieht man auch, wie die Frauen mit Hanteln und Diskus trainieren. Badeanz\u00fcge im modernen Sinn haben die R\u00f6merinnen hingegen noch nicht gekannt. In die Wasserbecken der Therme h\u00fcpften sie nackt. Es hat lange gedauert, bis sich er Bikini durchsetzte. Im 19. Jahrhundert, als die \u201eSommerfrische\u201c am Meer Mode wurde, trugen die Frauen noch lange R\u00f6cke als Badekost\u00fcm. Der knappe Triangel-Bikini, wie wir ihn kennen, wurden erst 1946 in Paris vorgestellt. Eine unerh\u00f6rte Revolution der Modewelt!<\/p>\n","protected":false},"excerpt":{"rendered":"<p>Produkt ist in 1 &#8211; 2 Wochen lieferbar. Bei Designerst\u00fccken aus Rom ist mit l\u00e4ngeren Lieferzeiten zu rechnen.<\/p>\n<p>&nbsp;<\/p>\n","protected":false},"featured_media":1883,"comment_status":"closed","ping_status":"closed","template":"","meta":[],"product_brand":[],"product_cat":[169,168],"product_tag":[171,170,252,172,70,117],"class_list":{"0":"post-880","1":"product","2":"type-product","3":"status-publish","4":"has-post-thumbnail","6":"product_cat-bikini","7":"product_cat-kleidung","8":"product_tag-balnea","9":"product_tag-bikini","10":"product_tag-dessous","11":"product_tag-frau","12":"product_tag-roemer","13":"product_tag-therme","15":"first","16":"instock","17":"taxable","18":"shipping-taxable","19":"purchasable","20":"product-type-simple"},"_links":{"self":[{"href":"https:\/\/bajuwaren-laden.de\/index.php?rest_route=\/wp\/v2\/product\/880","targetHints":{"allow":["GET"]}}],"collection":[{"href":"https:\/\/bajuwaren-laden.de\/index.php?rest_route=\/wp\/v2\/product"}],"about":[{"href":"https:\/\/bajuwaren-laden.de\/index.php?rest_route=\/wp\/v2\/types\/product"}],"replies":[{"embeddable":true,"href":"https:\/\/bajuwaren-laden.de\/index.php?rest_route=%2Fwp%2Fv2%2Fcomments&post=880"}],"wp:featuredmedia":[{"embeddable":true,"href":"https:\/\/bajuwaren-laden.de\/index.php?rest_route=\/wp\/v2\/media\/1883"}],"wp:attachment":[{"href":"https:\/\/bajuwaren-laden.de\/index.php?rest_route=%2Fwp%2Fv2%2Fmedia&parent=880"}],"wp:term":[{"taxonomy":"product_brand","embeddable":true,"href":"https:\/\/bajuwaren-laden.de\/index.php?rest_route=%2Fwp%2Fv2%2Fproduct_brand&post=880"},{"taxonomy":"product_cat","embeddable":true,"href":"https:\/\/bajuwaren-laden.de\/index.php?rest_route=%2Fwp%2Fv2%2Fproduct_cat&post=880"},{"taxonomy":"product_tag","embeddable":true,"href":"https:\/\/bajuwaren-laden.de\/index.php?rest_route=%2Fwp%2Fv2%2Fproduct_tag&post=880"}],"curies":[{"name":"wp","href":"https:\/\/api.w.org\/{rel}","templated":true}]}}