{"id":691,"date":"2019-10-16T17:05:27","date_gmt":"2019-10-16T17:05:27","guid":{"rendered":"http:\/\/bajuwaren-laden.de\/?post_type=product&#038;p=691"},"modified":"2022-09-02T14:16:59","modified_gmt":"2022-09-02T14:16:59","slug":"nutella","status":"publish","type":"product","link":"https:\/\/bajuwaren-laden.de\/?product=nutella","title":{"rendered":"Nuss-Nougat-Creme"},"content":{"rendered":"<p>Der kalorienreiche Brotaufstrich kommt zwar aus Italien, entwickelt haben ihn aber erst die Nachfahren der antiken R\u00f6mer, n\u00e4mlich 1940. Die braune Masse schmeckt wie Nougat. Sie enth\u00e4lt N\u00fcsse, Palm\u00f6l, Kakao und viel Zucker. Wusstet Ihr, dass der bekannte Brotaufstrich in Deutschland ganz anders aussieht als in S\u00fcdeuropa? Wir lieben unsere Nuss-Nougat-Creme eher streichfest. Die Spanier und Italiener wollen diesen Brotaufstrich eher \u00f6lig-gl\u00e4nzend und weich.<\/p>\n","protected":false},"excerpt":{"rendered":"<p>Erst 1940 lieferbar. Kakao und Palm\u00f6l waren weder den R\u00f6mern noch den Germanen bekannt.<\/p>\n","protected":false},"featured_media":1850,"comment_status":"open","ping_status":"closed","template":"","meta":[],"product_brand":[],"product_cat":[126,148],"product_tag":[128,74,150,149],"class_list":{"0":"post-691","1":"product","2":"type-product","3":"status-publish","4":"has-post-thumbnail","6":"product_cat-feinkost","7":"product_cat-nutella","8":"product_tag-feinkost","9":"product_tag-italien","10":"product_tag-kakao","11":"product_tag-nutella","13":"first","14":"onbackorder","15":"downloadable","16":"virtual","17":"sold-individually","18":"taxable","19":"purchasable","20":"product-type-simple"},"_links":{"self":[{"href":"https:\/\/bajuwaren-laden.de\/index.php?rest_route=\/wp\/v2\/product\/691","targetHints":{"allow":["GET"]}}],"collection":[{"href":"https:\/\/bajuwaren-laden.de\/index.php?rest_route=\/wp\/v2\/product"}],"about":[{"href":"https:\/\/bajuwaren-laden.de\/index.php?rest_route=\/wp\/v2\/types\/product"}],"replies":[{"embeddable":true,"href":"https:\/\/bajuwaren-laden.de\/index.php?rest_route=%2Fwp%2Fv2%2Fcomments&post=691"}],"wp:featuredmedia":[{"embeddable":true,"href":"https:\/\/bajuwaren-laden.de\/index.php?rest_route=\/wp\/v2\/media\/1850"}],"wp:attachment":[{"href":"https:\/\/bajuwaren-laden.de\/index.php?rest_route=%2Fwp%2Fv2%2Fmedia&parent=691"}],"wp:term":[{"taxonomy":"product_brand","embeddable":true,"href":"https:\/\/bajuwaren-laden.de\/index.php?rest_route=%2Fwp%2Fv2%2Fproduct_brand&post=691"},{"taxonomy":"product_cat","embeddable":true,"href":"https:\/\/bajuwaren-laden.de\/index.php?rest_route=%2Fwp%2Fv2%2Fproduct_cat&post=691"},{"taxonomy":"product_tag","embeddable":true,"href":"https:\/\/bajuwaren-laden.de\/index.php?rest_route=%2Fwp%2Fv2%2Fproduct_tag&post=691"}],"curies":[{"name":"wp","href":"https:\/\/api.w.org\/{rel}","templated":true}]}}