{"id":690,"date":"2019-10-16T17:02:03","date_gmt":"2019-10-16T17:02:03","guid":{"rendered":"http:\/\/bajuwaren-laden.de\/?post_type=product&#038;p=690"},"modified":"2020-04-11T15:53:08","modified_gmt":"2020-04-11T15:53:08","slug":"met","status":"publish","type":"product","link":"https:\/\/bajuwaren-laden.de\/?product=met","title":{"rendered":"Met"},"content":{"rendered":"<p>Met ist ein Honigwein und einer der \u00e4ltesten alkoholischen Drinks der Welt. Die \u00c4gypter, Griechen und R\u00f6mer &#8211; sie alle brauten sich diesen s\u00fc\u00dfen Gew\u00fcrzwein aus Honig, der bei den R\u00f6mer <em>mulsum<\/em> hie\u00df. \u00a0Die Germanen genossen ihn zum Feierabend oder auf Festen, und er war genauso geliebt wie bei heutigen Erwachsenen das Bier. Manchmal haben die Germanen einen Krug ihres Lieblingstanks den G\u00f6ttern geopfert, um sie milde zu stimmen. Met herzustellen ist einfach. Man kocht Wasser und Honig mit Gew\u00fcrzen auf. Anschlie\u00dfend wird der Sud mit Hefe vergoren. Dabei wandelt die Hefe den Zucker des Honigs in Alkohol um. Weil Honig desinfiziert und gegen Bakterien wirkt, galt Met als Wundertrunk der Medizin. Bis heute ist Met ein Lieblingsgetr\u00e4nk der Briten und Nordeurop\u00e4er, die sich mit dem Honigwein gern mal einen kleinen Rausch antrinken.<\/p>\n","protected":false},"excerpt":{"rendered":"<p>Sofort lieferbar<\/p>\n","protected":false},"featured_media":685,"comment_status":"open","ping_status":"closed","template":"","meta":[],"product_brand":[],"product_cat":[126,144],"product_tag":[147,128,67,146,145,253],"class_list":{"0":"post-690","1":"product","2":"type-product","3":"status-publish","4":"has-post-thumbnail","6":"product_cat-feinkost","7":"product_cat-met","8":"product_tag-alkohol","9":"product_tag-feinkost","10":"product_tag-germanen","11":"product_tag-honig","12":"product_tag-met","13":"product_tag-taverne","15":"first","16":"instock","17":"downloadable","18":"virtual","19":"sold-individually","20":"taxable","21":"purchasable","22":"product-type-simple"},"_links":{"self":[{"href":"https:\/\/bajuwaren-laden.de\/index.php?rest_route=\/wp\/v2\/product\/690","targetHints":{"allow":["GET"]}}],"collection":[{"href":"https:\/\/bajuwaren-laden.de\/index.php?rest_route=\/wp\/v2\/product"}],"about":[{"href":"https:\/\/bajuwaren-laden.de\/index.php?rest_route=\/wp\/v2\/types\/product"}],"replies":[{"embeddable":true,"href":"https:\/\/bajuwaren-laden.de\/index.php?rest_route=%2Fwp%2Fv2%2Fcomments&post=690"}],"wp:featuredmedia":[{"embeddable":true,"href":"https:\/\/bajuwaren-laden.de\/index.php?rest_route=\/wp\/v2\/media\/685"}],"wp:attachment":[{"href":"https:\/\/bajuwaren-laden.de\/index.php?rest_route=%2Fwp%2Fv2%2Fmedia&parent=690"}],"wp:term":[{"taxonomy":"product_brand","embeddable":true,"href":"https:\/\/bajuwaren-laden.de\/index.php?rest_route=%2Fwp%2Fv2%2Fproduct_brand&post=690"},{"taxonomy":"product_cat","embeddable":true,"href":"https:\/\/bajuwaren-laden.de\/index.php?rest_route=%2Fwp%2Fv2%2Fproduct_cat&post=690"},{"taxonomy":"product_tag","embeddable":true,"href":"https:\/\/bajuwaren-laden.de\/index.php?rest_route=%2Fwp%2Fv2%2Fproduct_tag&post=690"}],"curies":[{"name":"wp","href":"https:\/\/api.w.org\/{rel}","templated":true}]}}