{"id":647,"date":"2019-10-11T08:04:20","date_gmt":"2019-10-11T08:04:20","guid":{"rendered":"http:\/\/bajuwaren-laden.de\/?post_type=product&#038;p=647"},"modified":"2022-02-04T13:05:40","modified_gmt":"2022-02-04T13:05:40","slug":"erbse-pisum","status":"publish","type":"product","link":"https:\/\/bajuwaren-laden.de\/?product=erbse-pisum","title":{"rendered":"Erbse (pisum sativum)"},"content":{"rendered":"<p>Die nahrhafte H\u00fclsenfrucht kommt urspr\u00fcnglich nicht aus der Konservendose, sondern aus dem Orient. \u00dcber den Mittelmeerraum verbreite sich die kleinen gr\u00fcnen K\u00fcgelchen dann in Europa. Im alten Rom tafelten die K\u00f6che schmackhaften Erbsenbrei auf. Die eiwei\u00dfhaltige Pflanze galt auch als echtes Kraftsportlerfood, weshalb die Gladiatoren sich vor dem Kampf mit gesalzenem Erbsenmus vollgestopft haben. Viele Br\u00e4uche ranken sich um die Erbse. So werden Brautleute mit Erbsen beworfen, weil man glaubt, dass sie dann Scharen von Kinder bekommen. Auch M\u00e4rchen und Geschichten handeln von Erbsen. Denkt nur an die verz\u00e4rtelte Prinzessin, die durch zig Matratzen hindurch blaue Flecke von einer Erbse bekam oder an das arme Aschenputtel, das die Erbsen aus der Asche herauslesen muss.<\/p>\n","protected":false},"excerpt":{"rendered":"<p>Sofort lieferbar<\/p>\n","protected":false},"featured_media":1842,"comment_status":"open","ping_status":"closed","template":"","meta":[],"product_brand":[],"product_cat":[110,26],"product_tag":[255,55,39,254],"class_list":{"0":"post-647","1":"product","2":"type-product","3":"status-publish","4":"has-post-thumbnail","6":"product_cat-erbse","7":"product_cat-getreide","8":"product_tag-einfach","9":"product_tag-erbse","10":"product_tag-getreide","11":"product_tag-mahlzeit","13":"first","14":"instock","15":"taxable","16":"shipping-taxable","17":"purchasable","18":"product-type-simple"},"_links":{"self":[{"href":"https:\/\/bajuwaren-laden.de\/index.php?rest_route=\/wp\/v2\/product\/647","targetHints":{"allow":["GET"]}}],"collection":[{"href":"https:\/\/bajuwaren-laden.de\/index.php?rest_route=\/wp\/v2\/product"}],"about":[{"href":"https:\/\/bajuwaren-laden.de\/index.php?rest_route=\/wp\/v2\/types\/product"}],"replies":[{"embeddable":true,"href":"https:\/\/bajuwaren-laden.de\/index.php?rest_route=%2Fwp%2Fv2%2Fcomments&post=647"}],"wp:featuredmedia":[{"embeddable":true,"href":"https:\/\/bajuwaren-laden.de\/index.php?rest_route=\/wp\/v2\/media\/1842"}],"wp:attachment":[{"href":"https:\/\/bajuwaren-laden.de\/index.php?rest_route=%2Fwp%2Fv2%2Fmedia&parent=647"}],"wp:term":[{"taxonomy":"product_brand","embeddable":true,"href":"https:\/\/bajuwaren-laden.de\/index.php?rest_route=%2Fwp%2Fv2%2Fproduct_brand&post=647"},{"taxonomy":"product_cat","embeddable":true,"href":"https:\/\/bajuwaren-laden.de\/index.php?rest_route=%2Fwp%2Fv2%2Fproduct_cat&post=647"},{"taxonomy":"product_tag","embeddable":true,"href":"https:\/\/bajuwaren-laden.de\/index.php?rest_route=%2Fwp%2Fv2%2Fproduct_tag&post=647"}],"curies":[{"name":"wp","href":"https:\/\/api.w.org\/{rel}","templated":true}]}}