{"id":576,"date":"2019-10-10T11:23:42","date_gmt":"2019-10-10T11:23:42","guid":{"rendered":"http:\/\/bajuwaren-laden.de\/?post_type=product&#038;p=576"},"modified":"2022-02-04T13:06:52","modified_gmt":"2022-02-04T13:06:52","slug":"gerste","status":"publish","type":"product","link":"https:\/\/bajuwaren-laden.de\/?product=gerste","title":{"rendered":"Gerste (hordeum vulgare)"},"content":{"rendered":"<p>Seit Urzeiten laben sich Mensch und Tier an diesem Getreide. Ihr erkennt die Gerste an ihren langen Borsten, auch Grannen genannt. Im Vergleich zu anderen Getreidearten bietet Gerste viele Vorteile: Sie reift zeitig und ist recht anspruchslos. Der Nachteil: die K\u00f6rner sind (im Unterschied zum Weizen) fest mit den harten Spelzen verwachsen. Daher haben die R\u00f6mer Brot aus Gerste auch nur zur Not verspeist. Jenseits des Limes, haben die Germanen die K\u00f6rner grob geschrotet und zu Brei verkocht. Zu wahren Gersten-Fans wurden die Germanen, seit sie herausgefunden hatten, dass sich ein berauschendes Bier aus dem Korn brauen lie\u00df.<\/p>\n","protected":false},"excerpt":{"rendered":"<p>In den Sommermonaten frisch lieferbar oder solange der Vorrat reicht aus unserem Getreidespeicher<\/p>\n","protected":false},"featured_media":1846,"comment_status":"open","ping_status":"closed","template":"","meta":[],"product_brand":[],"product_cat":[26],"product_tag":[66,67,65,39],"class_list":{"0":"post-576","1":"product","2":"type-product","3":"status-publish","4":"has-post-thumbnail","6":"product_cat-getreide","7":"product_tag-bier","8":"product_tag-germanen","9":"product_tag-gerste","10":"product_tag-getreide","12":"first","13":"instock","14":"taxable","15":"shipping-taxable","16":"purchasable","17":"product-type-simple"},"_links":{"self":[{"href":"https:\/\/bajuwaren-laden.de\/index.php?rest_route=\/wp\/v2\/product\/576","targetHints":{"allow":["GET"]}}],"collection":[{"href":"https:\/\/bajuwaren-laden.de\/index.php?rest_route=\/wp\/v2\/product"}],"about":[{"href":"https:\/\/bajuwaren-laden.de\/index.php?rest_route=\/wp\/v2\/types\/product"}],"replies":[{"embeddable":true,"href":"https:\/\/bajuwaren-laden.de\/index.php?rest_route=%2Fwp%2Fv2%2Fcomments&post=576"}],"wp:featuredmedia":[{"embeddable":true,"href":"https:\/\/bajuwaren-laden.de\/index.php?rest_route=\/wp\/v2\/media\/1846"}],"wp:attachment":[{"href":"https:\/\/bajuwaren-laden.de\/index.php?rest_route=%2Fwp%2Fv2%2Fmedia&parent=576"}],"wp:term":[{"taxonomy":"product_brand","embeddable":true,"href":"https:\/\/bajuwaren-laden.de\/index.php?rest_route=%2Fwp%2Fv2%2Fproduct_brand&post=576"},{"taxonomy":"product_cat","embeddable":true,"href":"https:\/\/bajuwaren-laden.de\/index.php?rest_route=%2Fwp%2Fv2%2Fproduct_cat&post=576"},{"taxonomy":"product_tag","embeddable":true,"href":"https:\/\/bajuwaren-laden.de\/index.php?rest_route=%2Fwp%2Fv2%2Fproduct_tag&post=576"}],"curies":[{"name":"wp","href":"https:\/\/api.w.org\/{rel}","templated":true}]}}