{"id":552,"date":"2019-10-07T12:27:38","date_gmt":"2019-10-07T12:27:38","guid":{"rendered":"http:\/\/bajuwaren-laden.de\/?post_type=product&#038;p=552"},"modified":"2020-04-23T12:02:21","modified_gmt":"2020-04-23T12:02:21","slug":"produkt-4-c","status":"publish","type":"product","link":"https:\/\/bajuwaren-laden.de\/?product=produkt-4-c","title":{"rendered":"Oliven\u00f6l (oleum oliva)"},"content":{"rendered":"<p>Oliven\u00f6l ist ein Grundnahrungsmittel der Antike. Es wird aus dem Fruchtfleisch und den Kernen der im Mittelmeerraum wachsenden Oliven herausgepresst. Die R\u00f6mer verwendeten es zum Kochen und zur Zubereitung verschiedener Speisen (wohingegen die Germanen lieber mit Schweinefett kochten). Weil Oliven\u00f6l brennbar ist, haben die R\u00f6mer ihre \u00d6llampen damit betrieben. Dar\u00fcber hinaus wurde Oliven\u00f6l zur Hautpflege und f\u00fcr ihre Wellnessrituale benutzt. Ringer rieben sich vor dem Wettkampf mit Oliven\u00f6l ein, bis sie so glitschig waren, dass ihr Gegner sie kaum zu fassen bekam. Auch in den Thermen haben die R\u00f6mer mit reichlich Oliven\u00f6l herumgepanscht. Um sich zu reinigen, vermischten sie es mit feinem Sand. Mit diesem K\u00f6rperpeeling rieben sich die R\u00f6mer ein, um sich dann mit einem sichelf\u00f6rmigen Schaber (Strigilis) den Dreck und Schwei\u00df vom Leibe zu kratzen. Nach dem Bade wollten die R\u00f6mer gut duften. Daher schmierten sie sich mit einer nach Rosen oder Lavendel riechenden \u00d6lsalbe ein.<\/p>\n","protected":false},"excerpt":{"rendered":"<p>Lieferbar in wenigen Wochen aus dem Mittelmeerraum.<\/p>\n","protected":false},"featured_media":687,"comment_status":"open","ping_status":"closed","template":"","meta":[],"product_brand":[],"product_cat":[126,127],"product_tag":[130,133,125,128,248,129,131,132,117],"class_list":{"0":"post-552","1":"product","2":"type-product","3":"status-publish","4":"has-post-thumbnail","6":"product_cat-feinkost","7":"product_cat-olivenoel","8":"product_tag-bad","9":"product_tag-duftoel","10":"product_tag-essen","11":"product_tag-feinkost","12":"product_tag-festmahl","13":"product_tag-olivenoel","14":"product_tag-peeling","15":"product_tag-sport","16":"product_tag-therme","18":"first","19":"instock","20":"downloadable","21":"virtual","22":"sold-individually","23":"taxable","24":"purchasable","25":"product-type-simple"},"_links":{"self":[{"href":"https:\/\/bajuwaren-laden.de\/index.php?rest_route=\/wp\/v2\/product\/552","targetHints":{"allow":["GET"]}}],"collection":[{"href":"https:\/\/bajuwaren-laden.de\/index.php?rest_route=\/wp\/v2\/product"}],"about":[{"href":"https:\/\/bajuwaren-laden.de\/index.php?rest_route=\/wp\/v2\/types\/product"}],"replies":[{"embeddable":true,"href":"https:\/\/bajuwaren-laden.de\/index.php?rest_route=%2Fwp%2Fv2%2Fcomments&post=552"}],"wp:featuredmedia":[{"embeddable":true,"href":"https:\/\/bajuwaren-laden.de\/index.php?rest_route=\/wp\/v2\/media\/687"}],"wp:attachment":[{"href":"https:\/\/bajuwaren-laden.de\/index.php?rest_route=%2Fwp%2Fv2%2Fmedia&parent=552"}],"wp:term":[{"taxonomy":"product_brand","embeddable":true,"href":"https:\/\/bajuwaren-laden.de\/index.php?rest_route=%2Fwp%2Fv2%2Fproduct_brand&post=552"},{"taxonomy":"product_cat","embeddable":true,"href":"https:\/\/bajuwaren-laden.de\/index.php?rest_route=%2Fwp%2Fv2%2Fproduct_cat&post=552"},{"taxonomy":"product_tag","embeddable":true,"href":"https:\/\/bajuwaren-laden.de\/index.php?rest_route=%2Fwp%2Fv2%2Fproduct_tag&post=552"}],"curies":[{"name":"wp","href":"https:\/\/api.w.org\/{rel}","templated":true}]}}