{"id":549,"date":"2019-10-07T12:17:32","date_gmt":"2019-10-07T12:17:32","guid":{"rendered":"http:\/\/bajuwaren-laden.de\/?post_type=product&#038;p=549"},"modified":"2020-04-23T10:21:59","modified_gmt":"2020-04-23T10:21:59","slug":"produkt-6-d","status":"publish","type":"product","link":"https:\/\/bajuwaren-laden.de\/?product=produkt-6-d","title":{"rendered":"Lein (linum)"},"content":{"rendered":"<p>Aus Lein, auch Flachs genannt, werden Fasern f\u00fcr Kleidung gewonnen \u2013 und das seit mehr als 10.000 Jahren. Die langen Faserb\u00fcndel sitzen im St\u00e4ngel der hellblau bl\u00fchenden Leinpflanze. Damit sich die Rinde von den Fasern l\u00f6st, wurden die St\u00e4ngel zun\u00e4chst mit H\u00f6lzern weich geklopft. Dann wurden die kurzen Fasern ausgek\u00e4mmt. Die wertvollen langen F\u00e4den wurden gereinigt, versponnen und zu Leinentuch bzw. auch Linnen gewebt. Leinenstoff wird gern zu Kleidung und W\u00e4sche verarbeitet. Dass Leinen k\u00fchlend wirkt und Feuchtigkeit bindet, das wussten schon die R\u00f6mer. Daher haben sie ihre Sommertuniken und Unterw\u00e4sche am liebsten aus Leinen gen\u00e4ht.<\/p>\n","protected":false},"excerpt":{"rendered":"<p>Sofort lieferbar<\/p>\n","protected":false},"featured_media":440,"comment_status":"open","ping_status":"closed","template":"","meta":[],"product_brand":[],"product_cat":[88,87,80],"product_tag":[57,67,89,70,180],"class_list":{"0":"post-549","1":"product","2":"type-product","3":"status-publish","4":"has-post-thumbnail","6":"product_cat-flachs","7":"product_cat-lein","8":"product_cat-naturprodukte","9":"product_tag-flachs","10":"product_tag-germanen","11":"product_tag-lein","12":"product_tag-roemer","13":"product_tag-tunika","15":"first","16":"instock","17":"downloadable","18":"virtual","19":"sold-individually","20":"taxable","21":"purchasable","22":"product-type-simple"},"_links":{"self":[{"href":"https:\/\/bajuwaren-laden.de\/index.php?rest_route=\/wp\/v2\/product\/549","targetHints":{"allow":["GET"]}}],"collection":[{"href":"https:\/\/bajuwaren-laden.de\/index.php?rest_route=\/wp\/v2\/product"}],"about":[{"href":"https:\/\/bajuwaren-laden.de\/index.php?rest_route=\/wp\/v2\/types\/product"}],"replies":[{"embeddable":true,"href":"https:\/\/bajuwaren-laden.de\/index.php?rest_route=%2Fwp%2Fv2%2Fcomments&post=549"}],"wp:featuredmedia":[{"embeddable":true,"href":"https:\/\/bajuwaren-laden.de\/index.php?rest_route=\/wp\/v2\/media\/440"}],"wp:attachment":[{"href":"https:\/\/bajuwaren-laden.de\/index.php?rest_route=%2Fwp%2Fv2%2Fmedia&parent=549"}],"wp:term":[{"taxonomy":"product_brand","embeddable":true,"href":"https:\/\/bajuwaren-laden.de\/index.php?rest_route=%2Fwp%2Fv2%2Fproduct_brand&post=549"},{"taxonomy":"product_cat","embeddable":true,"href":"https:\/\/bajuwaren-laden.de\/index.php?rest_route=%2Fwp%2Fv2%2Fproduct_cat&post=549"},{"taxonomy":"product_tag","embeddable":true,"href":"https:\/\/bajuwaren-laden.de\/index.php?rest_route=%2Fwp%2Fv2%2Fproduct_tag&post=549"}],"curies":[{"name":"wp","href":"https:\/\/api.w.org\/{rel}","templated":true}]}}