{"id":548,"date":"2019-10-07T12:16:56","date_gmt":"2019-10-07T12:16:56","guid":{"rendered":"http:\/\/bajuwaren-laden.de\/?post_type=product&#038;p=548"},"modified":"2020-04-23T12:16:09","modified_gmt":"2020-04-23T12:16:09","slug":"produkt-6-c","status":"publish","type":"product","link":"https:\/\/bajuwaren-laden.de\/?product=produkt-6-c","title":{"rendered":"Kermes"},"content":{"rendered":"<p>Kermes ist ein roter Farbstoff aus Schildl\u00e4usen. Die tr\u00e4chtigen Weibchen saugen sich auf den Bl\u00e4ttern der Kermeseiche fest und schwellen mit ihren vor rotem Saft strotzenden Eiern kugelf\u00f6rmig an. Das sieht dann aus, als ob kleine rote Beeren an den Zweigen wachsen. Fast alle antiken Kulturen haben die Schildlaus zur Gewinnung von rotem Farbstoff genutzt. Um das Farbpulver zu gewinnen, wurden die K\u00f6rperh\u00fcllen der L\u00e4use \u201egeerntet\u201c, getrocknet und schlie\u00dflich zermahlen. Die R\u00f6mer nutzten Kermesrot als kosteng\u00fcnstige Alternative zum Purpurrot. Purpur, aus dem Sekret der im Mittelmeer lebenden Purpurschnecke gewonnen, ist der mit Abstand teuerste Farbstoff der Welt. Bei den R\u00f6mern durfte nur der Kaiser eine komplett mit Schneckenpurpur eingef\u00e4rbte Toga tragen. Die Senatoren hingegen mussten sich mit einem schmalen Purpurstreifen am Saum ihres Gewandes begn\u00fcgen.<\/p>\n","protected":false},"excerpt":{"rendered":"<p>Aus dem s\u00fcdlichen und westlichen Mittelmeerraum kommend, ist die Ware in ein paar Wochen lieferbar<\/p>\n","protected":false},"featured_media":598,"comment_status":"open","ping_status":"closed","template":"","meta":[],"product_brand":[],"product_cat":[90,80,91],"product_tag":[67,92,251,70,94,93,258,180],"class_list":{"0":"post-548","1":"product","2":"type-product","3":"status-publish","4":"has-post-thumbnail","6":"product_cat-kermes","7":"product_cat-naturprodukte","8":"product_cat-schildlaus","9":"product_tag-germanen","10":"product_tag-kermes","11":"product_tag-kleidung","12":"product_tag-roemer","13":"product_tag-rot","14":"product_tag-schildlaus","15":"product_tag-toga","16":"product_tag-tunika","18":"first","19":"instock","20":"downloadable","21":"virtual","22":"sold-individually","23":"taxable","24":"purchasable","25":"product-type-simple"},"_links":{"self":[{"href":"https:\/\/bajuwaren-laden.de\/index.php?rest_route=\/wp\/v2\/product\/548","targetHints":{"allow":["GET"]}}],"collection":[{"href":"https:\/\/bajuwaren-laden.de\/index.php?rest_route=\/wp\/v2\/product"}],"about":[{"href":"https:\/\/bajuwaren-laden.de\/index.php?rest_route=\/wp\/v2\/types\/product"}],"replies":[{"embeddable":true,"href":"https:\/\/bajuwaren-laden.de\/index.php?rest_route=%2Fwp%2Fv2%2Fcomments&post=548"}],"wp:featuredmedia":[{"embeddable":true,"href":"https:\/\/bajuwaren-laden.de\/index.php?rest_route=\/wp\/v2\/media\/598"}],"wp:attachment":[{"href":"https:\/\/bajuwaren-laden.de\/index.php?rest_route=%2Fwp%2Fv2%2Fmedia&parent=548"}],"wp:term":[{"taxonomy":"product_brand","embeddable":true,"href":"https:\/\/bajuwaren-laden.de\/index.php?rest_route=%2Fwp%2Fv2%2Fproduct_brand&post=548"},{"taxonomy":"product_cat","embeddable":true,"href":"https:\/\/bajuwaren-laden.de\/index.php?rest_route=%2Fwp%2Fv2%2Fproduct_cat&post=548"},{"taxonomy":"product_tag","embeddable":true,"href":"https:\/\/bajuwaren-laden.de\/index.php?rest_route=%2Fwp%2Fv2%2Fproduct_tag&post=548"}],"curies":[{"name":"wp","href":"https:\/\/api.w.org\/{rel}","templated":true}]}}