{"id":546,"date":"2019-10-07T12:16:00","date_gmt":"2019-10-07T12:16:00","guid":{"rendered":"http:\/\/bajuwaren-laden.de\/?post_type=product&#038;p=546"},"modified":"2022-02-04T13:11:00","modified_gmt":"2022-02-04T13:11:00","slug":"produkt-6-e","status":"publish","type":"product","link":"https:\/\/bajuwaren-laden.de\/?product=produkt-6-e","title":{"rendered":"Bienenwachs"},"content":{"rendered":"<p>Nat\u00fcrliches Wachs wird von Bienen erzeugt. Die Bienen nutzen es zum Bau ihrer Waben \u2013 als &#8222;Kinderstuben&#8220; f\u00fcr den Nachwuchs und &#8222;Speisekammern&#8220; f\u00fcr den Honig. Dabei schwitzen die Arbeitsbienen das Wachs in Form winziger Pl\u00e4ttchen regelrecht aus. Daf\u00fcr brauchen die Bienen sehr viel Energie. F\u00fcr ein Kilogramm Wachs m\u00fcssen sie etwa 10 Kilogramm Honig fressen. Aus diesem Grund ist Bienenwachs sehr wertvoll. Bienenwachs wird zu Cremes, Salben und Lippenstiften verarbeitet. Bei den R\u00f6mern wurden Holztafeln, auf denen man schrieb, mit Wachs bef\u00fcllt. Und seit Jahrtausenden stellen die Menschen ihre Kerzen aus Bienenwachs her.<\/p>\n","protected":false},"excerpt":{"rendered":"<p>sofort lieferbar<\/p>\n","protected":false},"featured_media":1875,"comment_status":"open","ping_status":"closed","template":"","meta":[],"product_brand":[],"product_cat":[105,80],"product_tag":[265,98,67,99,84,70,268,267,260,266,235],"class_list":{"0":"post-546","1":"product","2":"type-product","3":"status-publish","4":"has-post-thumbnail","6":"product_cat-bienenwachs","7":"product_cat-naturprodukte","8":"product_tag-beschreibstoff","9":"product_tag-bienenwachs","10":"product_tag-germanen","11":"product_tag-lippenstift","12":"product_tag-naturprodukt","13":"product_tag-roemer","14":"product_tag-schreibtafel","15":"product_tag-schule","16":"product_tag-siegel","17":"product_tag-sigeln","18":"product_tag-wachstafel","20":"first","21":"instock","22":"downloadable","23":"virtual","24":"sold-individually","25":"taxable","26":"purchasable","27":"product-type-simple"},"_links":{"self":[{"href":"https:\/\/bajuwaren-laden.de\/index.php?rest_route=\/wp\/v2\/product\/546","targetHints":{"allow":["GET"]}}],"collection":[{"href":"https:\/\/bajuwaren-laden.de\/index.php?rest_route=\/wp\/v2\/product"}],"about":[{"href":"https:\/\/bajuwaren-laden.de\/index.php?rest_route=\/wp\/v2\/types\/product"}],"replies":[{"embeddable":true,"href":"https:\/\/bajuwaren-laden.de\/index.php?rest_route=%2Fwp%2Fv2%2Fcomments&post=546"}],"wp:featuredmedia":[{"embeddable":true,"href":"https:\/\/bajuwaren-laden.de\/index.php?rest_route=\/wp\/v2\/media\/1875"}],"wp:attachment":[{"href":"https:\/\/bajuwaren-laden.de\/index.php?rest_route=%2Fwp%2Fv2%2Fmedia&parent=546"}],"wp:term":[{"taxonomy":"product_brand","embeddable":true,"href":"https:\/\/bajuwaren-laden.de\/index.php?rest_route=%2Fwp%2Fv2%2Fproduct_brand&post=546"},{"taxonomy":"product_cat","embeddable":true,"href":"https:\/\/bajuwaren-laden.de\/index.php?rest_route=%2Fwp%2Fv2%2Fproduct_cat&post=546"},{"taxonomy":"product_tag","embeddable":true,"href":"https:\/\/bajuwaren-laden.de\/index.php?rest_route=%2Fwp%2Fv2%2Fproduct_tag&post=546"}],"curies":[{"name":"wp","href":"https:\/\/api.w.org\/{rel}","templated":true}]}}