{"id":545,"date":"2019-10-07T12:15:30","date_gmt":"2019-10-07T12:15:30","guid":{"rendered":"http:\/\/bajuwaren-laden.de\/?post_type=product&#038;p=545"},"modified":"2022-02-04T13:11:41","modified_gmt":"2022-02-04T13:11:41","slug":"aloe-vera","status":"publish","type":"product","link":"https:\/\/bajuwaren-laden.de\/?product=aloe-vera","title":{"rendered":"Aloe Vera"},"content":{"rendered":"<p>Aloe Vera gilt als K\u00f6nigin der Heilpflanzen. Ihre Erfolgsgeschichte begann im alten \u00c4gypten. Lange vor Kleopatra war die k\u00fchlende und und beruhigende Wirkung des aus den Bl\u00e4ttern gewonnenen Gels dort geradezu legend\u00e4r. Die kaktus\u00e4hnliche Pflanze (die in Wirklichkeit eine Lilie ist) erweist sich als echte \u00dcberlebensk\u00fcnstlerin, denn mit ihren fleischigen lanzettf\u00f6rmigen Bl\u00e4ttern ist sie in der Lage, sehr viel Wasser zu speichern. Diesen Sachverhalt machten sich die V\u00f6lker der Antike\u00a0 zunutze, indem sie den Pflanzensaft als Sch\u00f6nheitsmittel nutzten. Heute wird Aloe Vera vor allem in den USA, Mexiko und auf den Kanaren angebaut. Das wertvolle Aloe-Vera-Gel wird gewonnen, indem man den Saft im Inneren der Bl\u00e4tter eindampft. Aloe Vera spendet der Haut viel Feuchtigkeit. Es wirkt k\u00fchlend und desinfizierend und soll bei Sonnenbrand, Pickeln und Insektenstich helfen.<\/p>\n","protected":false},"excerpt":{"rendered":"<p>Noch nicht lieferbar. Wird erstmals wissenschaftlich im 18 Jh. beschrieben.<\/p>\n","protected":false},"featured_media":1874,"comment_status":"open","ping_status":"closed","template":"","meta":[],"product_brand":[],"product_cat":[103,80],"product_tag":[104,130,102,84,261],"class_list":{"0":"post-545","1":"product","2":"type-product","3":"status-publish","4":"has-post-thumbnail","6":"product_cat-aloe-vera","7":"product_cat-naturprodukte","8":"product_tag-aloe-vera","9":"product_tag-bad","10":"product_tag-kosmetik","11":"product_tag-naturprodukt","12":"product_tag-schoenheitspflege","14":"first","15":"instock","16":"downloadable","17":"virtual","18":"sold-individually","19":"taxable","20":"purchasable","21":"product-type-simple"},"_links":{"self":[{"href":"https:\/\/bajuwaren-laden.de\/index.php?rest_route=\/wp\/v2\/product\/545","targetHints":{"allow":["GET"]}}],"collection":[{"href":"https:\/\/bajuwaren-laden.de\/index.php?rest_route=\/wp\/v2\/product"}],"about":[{"href":"https:\/\/bajuwaren-laden.de\/index.php?rest_route=\/wp\/v2\/types\/product"}],"replies":[{"embeddable":true,"href":"https:\/\/bajuwaren-laden.de\/index.php?rest_route=%2Fwp%2Fv2%2Fcomments&post=545"}],"wp:featuredmedia":[{"embeddable":true,"href":"https:\/\/bajuwaren-laden.de\/index.php?rest_route=\/wp\/v2\/media\/1874"}],"wp:attachment":[{"href":"https:\/\/bajuwaren-laden.de\/index.php?rest_route=%2Fwp%2Fv2%2Fmedia&parent=545"}],"wp:term":[{"taxonomy":"product_brand","embeddable":true,"href":"https:\/\/bajuwaren-laden.de\/index.php?rest_route=%2Fwp%2Fv2%2Fproduct_brand&post=545"},{"taxonomy":"product_cat","embeddable":true,"href":"https:\/\/bajuwaren-laden.de\/index.php?rest_route=%2Fwp%2Fv2%2Fproduct_cat&post=545"},{"taxonomy":"product_tag","embeddable":true,"href":"https:\/\/bajuwaren-laden.de\/index.php?rest_route=%2Fwp%2Fv2%2Fproduct_tag&post=545"}],"curies":[{"name":"wp","href":"https:\/\/api.w.org\/{rel}","templated":true}]}}