{"id":542,"date":"2019-10-07T12:13:51","date_gmt":"2019-10-07T12:13:51","guid":{"rendered":"http:\/\/bajuwaren-laden.de\/?post_type=product&#038;p=542"},"modified":"2022-02-04T13:12:46","modified_gmt":"2022-02-04T13:12:46","slug":"produkt-5-d","status":"publish","type":"product","link":"https:\/\/bajuwaren-laden.de\/?product=produkt-5-d","title":{"rendered":"Safran (crocus sativus)"},"content":{"rendered":"<p>Safran w\u00e4chst in Persien und dem Nahen Osten. \u00dcber lange Handelswege kam dieser &#8222;K\u00f6nig der Gew\u00fcrze&#8220; nach Europa. Das Gew\u00fcrz selbst gewinnt man aus violetten Krokussen. Von den Krokussen werden allerdings nur die langen roten Stempelf\u00e4den genutzt, die man m\u00fchsam mit der Hand aus dem Inneren der Bl\u00fcte herausgeknipst und trocknet. Ein Pfl\u00fccker konnte nur wenige Gramm am Tag ernten. Im alten Rom war Safran ein echtes Luxusgut und nur den Reichen kamen in den Genuss, ihre Speisen mit Safran zu verfeinern und dabei auch gleich noch herrlich gelb zu f\u00e4rben. Aus den Bl\u00fctenf\u00e4den hat man au\u00dferdem duftende Salben und Parf\u00fcme hergestellt. Safran scheint auch eine Art Potenzmittel \u201eViagra\u201c in der antiken Welt gewesen zu sein. Dem griechischen Gottvater Zeus sagt man nach, dass er in einem Bett aus Safran geschlafen habe. Und Kleopatra soll Safran in ihre Bademilch gemischt haben, weil sie hoffte, ihre sexuelle Anziehungskraft dadurch steigern zu k\u00f6nnen. Bis heute ist Safran das teuerste Gew\u00fcrz der Welt. Ein kleines T\u00fctchen des &#8222;roten Goldes&#8220; (100 g) kostet mehr als 1.000 Euro.<\/p>\n","protected":false},"excerpt":{"rendered":"<p>Lieferbar nach ca. 8 Wochen, aber nur, wenn Euer Geldbeutel wirklich gut gef\u00fcllt ist.<\/p>\n","protected":false},"featured_media":1859,"comment_status":"open","ping_status":"closed","template":"","meta":[],"product_brand":[],"product_cat":[64,109],"product_tag":[112,115,60,114,163,165,118,166,262,70,59,116,97,117,113,164],"class_list":{"0":"post-542","1":"product","2":"type-product","3":"status-publish","4":"has-post-thumbnail","6":"product_cat-gewuerze","7":"product_cat-safran","8":"product_tag-aphrodite","9":"product_tag-fest","10":"product_tag-gewuerz","11":"product_tag-goetter","12":"product_tag-jupiter","13":"product_tag-kleopatra","14":"product_tag-orgie","15":"product_tag-parfuem","16":"product_tag-potenzmittel","17":"product_tag-roemer","18":"product_tag-safran","19":"product_tag-salbe","20":"product_tag-tempel","21":"product_tag-therme","22":"product_tag-venus","23":"product_tag-zeus","25":"first","26":"instock","27":"downloadable","28":"virtual","29":"sold-individually","30":"taxable","31":"purchasable","32":"product-type-simple"},"_links":{"self":[{"href":"https:\/\/bajuwaren-laden.de\/index.php?rest_route=\/wp\/v2\/product\/542","targetHints":{"allow":["GET"]}}],"collection":[{"href":"https:\/\/bajuwaren-laden.de\/index.php?rest_route=\/wp\/v2\/product"}],"about":[{"href":"https:\/\/bajuwaren-laden.de\/index.php?rest_route=\/wp\/v2\/types\/product"}],"replies":[{"embeddable":true,"href":"https:\/\/bajuwaren-laden.de\/index.php?rest_route=%2Fwp%2Fv2%2Fcomments&post=542"}],"wp:featuredmedia":[{"embeddable":true,"href":"https:\/\/bajuwaren-laden.de\/index.php?rest_route=\/wp\/v2\/media\/1859"}],"wp:attachment":[{"href":"https:\/\/bajuwaren-laden.de\/index.php?rest_route=%2Fwp%2Fv2%2Fmedia&parent=542"}],"wp:term":[{"taxonomy":"product_brand","embeddable":true,"href":"https:\/\/bajuwaren-laden.de\/index.php?rest_route=%2Fwp%2Fv2%2Fproduct_brand&post=542"},{"taxonomy":"product_cat","embeddable":true,"href":"https:\/\/bajuwaren-laden.de\/index.php?rest_route=%2Fwp%2Fv2%2Fproduct_cat&post=542"},{"taxonomy":"product_tag","embeddable":true,"href":"https:\/\/bajuwaren-laden.de\/index.php?rest_route=%2Fwp%2Fv2%2Fproduct_tag&post=542"}],"curies":[{"name":"wp","href":"https:\/\/api.w.org\/{rel}","templated":true}]}}