{"id":540,"date":"2019-10-07T12:12:32","date_gmt":"2019-10-07T12:12:32","guid":{"rendered":"http:\/\/bajuwaren-laden.de\/?post_type=product&#038;p=540"},"modified":"2022-02-04T13:15:40","modified_gmt":"2022-02-04T13:15:40","slug":"produkt-5-b","status":"publish","type":"product","link":"https:\/\/bajuwaren-laden.de\/?product=produkt-5-b","title":{"rendered":"Lorbeer (laurus)"},"content":{"rendered":"<p>Der immergr\u00fcne Lorbeerstrauch w\u00e4chst vielerorts am Mittelmeer. Seine aromatischen Bl\u00e4tter verstr\u00f6men einen w\u00fcrzig-herben Duft. Man kann Eint\u00f6pfe, Fleischgerichte, Fisch und So\u00dfen mit den getrockneten Lorbeerbl\u00e4ttern aufgepeppen. Die K\u00f6che im alten Rom haben Lorbeer allerdings noch nicht so h\u00e4ufig als Gew\u00fcrz genutzt. Statt dessen r\u00fchrten sie aber ihre Eint\u00f6pfe mit einem Lorbeerzweig um, damit das Aroma auf die Speise \u00fcberging. Wenn sie Brot oder Kuchen buken, verwendeten sie Lorbeerbl\u00e4tter als eine Art Backpapier. Das war praktisch, denn das &#8222;Bl\u00e4tterpapier&#8220; konnten sie dann gleich mitessen. Ganz besonders gern haben die alten R\u00f6mer &#8222;Mostbr\u00f6tchen nach Cato&#8220; gegessen. Sie wurden auf Lorbeerbl\u00e4ttern gebacken und mit Moretum &#8211; einem Frischk\u00e4se mit ganz viel Knoblauch &#8211; bestrichen. Lorbeer kam aber nicht nur in der K\u00fcche zum Einsatz. Er war auch eine Art Statussymbol. So kr\u00f6nte man siegreiche Feldherren bei ihrem Einzug in Rom mit einem Lorbeerkranz. Sp\u00e4ter setzten sich auch die r\u00f6mischen Kaiser einen Lorbeerkranz auf, um aller Welt zu zeigen, was f\u00fcr ruhmreiche Helden sie doch waren.<\/p>\n","protected":false},"excerpt":{"rendered":"<p>In wenigen Wochen aus dem Mittelmeerraum lieferbar.<\/p>\n<p>&nbsp;<\/p>\n","protected":false},"featured_media":1858,"comment_status":"open","ping_status":"closed","template":"","meta":[],"product_brand":[],"product_cat":[64,123],"product_tag":[263,124,270,269,125,60,271,264,61],"class_list":{"0":"post-540","1":"product","2":"type-product","3":"status-publish","4":"has-post-thumbnail","6":"product_cat-gewuerze","7":"product_cat-lorbeer","8":"product_tag-auszeichnung","9":"product_tag-backpapier","10":"product_tag-ehrenkranz","11":"product_tag-ehrung","12":"product_tag-essen","13":"product_tag-gewuerz","14":"product_tag-gruen","15":"product_tag-kranz","16":"product_tag-lorbeer","18":"first","19":"instock","20":"downloadable","21":"virtual","22":"sold-individually","23":"taxable","24":"purchasable","25":"product-type-simple"},"_links":{"self":[{"href":"https:\/\/bajuwaren-laden.de\/index.php?rest_route=\/wp\/v2\/product\/540","targetHints":{"allow":["GET"]}}],"collection":[{"href":"https:\/\/bajuwaren-laden.de\/index.php?rest_route=\/wp\/v2\/product"}],"about":[{"href":"https:\/\/bajuwaren-laden.de\/index.php?rest_route=\/wp\/v2\/types\/product"}],"replies":[{"embeddable":true,"href":"https:\/\/bajuwaren-laden.de\/index.php?rest_route=%2Fwp%2Fv2%2Fcomments&post=540"}],"wp:featuredmedia":[{"embeddable":true,"href":"https:\/\/bajuwaren-laden.de\/index.php?rest_route=\/wp\/v2\/media\/1858"}],"wp:attachment":[{"href":"https:\/\/bajuwaren-laden.de\/index.php?rest_route=%2Fwp%2Fv2%2Fmedia&parent=540"}],"wp:term":[{"taxonomy":"product_brand","embeddable":true,"href":"https:\/\/bajuwaren-laden.de\/index.php?rest_route=%2Fwp%2Fv2%2Fproduct_brand&post=540"},{"taxonomy":"product_cat","embeddable":true,"href":"https:\/\/bajuwaren-laden.de\/index.php?rest_route=%2Fwp%2Fv2%2Fproduct_cat&post=540"},{"taxonomy":"product_tag","embeddable":true,"href":"https:\/\/bajuwaren-laden.de\/index.php?rest_route=%2Fwp%2Fv2%2Fproduct_tag&post=540"}],"curies":[{"name":"wp","href":"https:\/\/api.w.org\/{rel}","templated":true}]}}