{"id":470,"date":"2019-09-11T13:07:06","date_gmt":"2019-09-11T13:07:06","guid":{"rendered":"http:\/\/bajuwaren-laden.de\/?post_type=product&#038;p=470"},"modified":"2022-02-04T13:16:36","modified_gmt":"2022-02-04T13:16:36","slug":"hirse","status":"publish","type":"product","link":"https:\/\/bajuwaren-laden.de\/?product=hirse","title":{"rendered":"Hirse (milium)"},"content":{"rendered":"<p>Wie kleine Tr\u00e4nen sehen die K\u00f6rner der Hirse aus. Steinzeitmenschen, Kelten, R\u00f6mer, Germanen \u2013 sie alle ern\u00e4hrten sich von diesem s\u00e4ttigenden Getreide, das zu den S\u00fc\u00dfgr\u00e4sern z\u00e4hlt. Die K\u00f6rner wurden zu Brot verbacken. Man konnte aber auch herzhafte Aufl\u00e4ufe oder s\u00fc\u00dfen Brei daraus kochen. Bis \u00fcber das Mittelalter hinein blieb diese \u201eFrucht des armen Mannes\u201c ein Hauptnahrungsmittel. Dann kamen anderes Getreide und Kartoffeln als Sattmacher auf. Heute kennen wir Hirse vor allem aus dem Reformhaus und als Vogelfutter.<\/p>\n","protected":false},"excerpt":{"rendered":"<p>Frisch geerntet im September oder aus unserem Getreidespeicher lieferbar<\/p>\n","protected":false},"featured_media":1844,"comment_status":"open","ping_status":"closed","template":"","meta":[],"product_brand":[],"product_cat":[26],"product_tag":[69,68,67,39,63,70],"class_list":{"0":"post-470","1":"product","2":"type-product","3":"status-publish","4":"has-post-thumbnail","6":"product_cat-getreide","7":"product_tag-brei","8":"product_tag-brot","9":"product_tag-germanen","10":"product_tag-getreide","11":"product_tag-hirse","12":"product_tag-roemer","14":"first","15":"instock","16":"taxable","17":"shipping-taxable","18":"purchasable","19":"product-type-simple"},"_links":{"self":[{"href":"https:\/\/bajuwaren-laden.de\/index.php?rest_route=\/wp\/v2\/product\/470","targetHints":{"allow":["GET"]}}],"collection":[{"href":"https:\/\/bajuwaren-laden.de\/index.php?rest_route=\/wp\/v2\/product"}],"about":[{"href":"https:\/\/bajuwaren-laden.de\/index.php?rest_route=\/wp\/v2\/types\/product"}],"replies":[{"embeddable":true,"href":"https:\/\/bajuwaren-laden.de\/index.php?rest_route=%2Fwp%2Fv2%2Fcomments&post=470"}],"wp:featuredmedia":[{"embeddable":true,"href":"https:\/\/bajuwaren-laden.de\/index.php?rest_route=\/wp\/v2\/media\/1844"}],"wp:attachment":[{"href":"https:\/\/bajuwaren-laden.de\/index.php?rest_route=%2Fwp%2Fv2%2Fmedia&parent=470"}],"wp:term":[{"taxonomy":"product_brand","embeddable":true,"href":"https:\/\/bajuwaren-laden.de\/index.php?rest_route=%2Fwp%2Fv2%2Fproduct_brand&post=470"},{"taxonomy":"product_cat","embeddable":true,"href":"https:\/\/bajuwaren-laden.de\/index.php?rest_route=%2Fwp%2Fv2%2Fproduct_cat&post=470"},{"taxonomy":"product_tag","embeddable":true,"href":"https:\/\/bajuwaren-laden.de\/index.php?rest_route=%2Fwp%2Fv2%2Fproduct_tag&post=470"}],"curies":[{"name":"wp","href":"https:\/\/api.w.org\/{rel}","templated":true}]}}