{"id":463,"date":"2019-09-11T12:53:26","date_gmt":"2019-09-11T12:53:26","guid":{"rendered":"http:\/\/bajuwaren-laden.de\/?post_type=product&#038;p=463"},"modified":"2022-02-04T13:18:53","modified_gmt":"2022-02-04T13:18:53","slug":"kichererbse","status":"publish","type":"product","link":"https:\/\/bajuwaren-laden.de\/?product=kichererbse","title":{"rendered":"Kichererbse (cicer arietinum)"},"content":{"rendered":"<p>Schon in der Jungsteinzeit futterten die Menschen die eiwei\u00dfreichen Kichererbsen, um ihren Hunger zu stillen. Die Heimat der H\u00fclsenfrucht scheint Kleinasien zu sein. Von dort aus &#8222;wanderte&#8220; die Kichererbse in den Mittelmeerraum, wo sie selbst auf kargem, trockenem Boden w\u00e4chst. In der H\u00fclse der Kichererbse steckt immer nur ein einziger runder, gelblicher Kern (im Unterschied zur Gartenerbse, in deren Schote gleich eine ganze &#8222;Samenfamilie&#8220; schlummert). Der Single-Samen der Kichererbse ist so gro\u00df wie eine Haselnuss und schmeckt auch leicht nussig. Bei den alten R\u00f6mer landeten die Kichererbsen im Gem\u00fcseeintopf. Aber auch k\u00f6stliche Brotaufstriche und Dips stellten sie daraus her. Heute sind Kichererbsen auch bei uns voll im Trend. Liebt Ihr die leckeren orientalischen Snacks aus Kichererbsen, wie Falafel oder Humus, auch so sehr wie wir?<\/p>\n","protected":false},"excerpt":{"rendered":"<p>Dieses Produkt kommt aus Kleinasien und hat mehrere Wochen Lieferzeit<\/p>\n","protected":false},"featured_media":1865,"comment_status":"open","ping_status":"closed","template":"","meta":[],"product_brand":[],"product_cat":[44],"product_tag":[55,46,54,70],"class_list":{"0":"post-463","1":"product","2":"type-product","3":"status-publish","4":"has-post-thumbnail","6":"product_cat-gemuese","7":"product_tag-erbse","8":"product_tag-gemuese","9":"product_tag-kichererbse","10":"product_tag-roemer","12":"first","13":"instock","14":"taxable","15":"shipping-taxable","16":"purchasable","17":"product-type-simple"},"_links":{"self":[{"href":"https:\/\/bajuwaren-laden.de\/index.php?rest_route=\/wp\/v2\/product\/463","targetHints":{"allow":["GET"]}}],"collection":[{"href":"https:\/\/bajuwaren-laden.de\/index.php?rest_route=\/wp\/v2\/product"}],"about":[{"href":"https:\/\/bajuwaren-laden.de\/index.php?rest_route=\/wp\/v2\/types\/product"}],"replies":[{"embeddable":true,"href":"https:\/\/bajuwaren-laden.de\/index.php?rest_route=%2Fwp%2Fv2%2Fcomments&post=463"}],"wp:featuredmedia":[{"embeddable":true,"href":"https:\/\/bajuwaren-laden.de\/index.php?rest_route=\/wp\/v2\/media\/1865"}],"wp:attachment":[{"href":"https:\/\/bajuwaren-laden.de\/index.php?rest_route=%2Fwp%2Fv2%2Fmedia&parent=463"}],"wp:term":[{"taxonomy":"product_brand","embeddable":true,"href":"https:\/\/bajuwaren-laden.de\/index.php?rest_route=%2Fwp%2Fv2%2Fproduct_brand&post=463"},{"taxonomy":"product_cat","embeddable":true,"href":"https:\/\/bajuwaren-laden.de\/index.php?rest_route=%2Fwp%2Fv2%2Fproduct_cat&post=463"},{"taxonomy":"product_tag","embeddable":true,"href":"https:\/\/bajuwaren-laden.de\/index.php?rest_route=%2Fwp%2Fv2%2Fproduct_tag&post=463"}],"curies":[{"name":"wp","href":"https:\/\/api.w.org\/{rel}","templated":true}]}}