{"id":458,"date":"2019-09-11T12:33:25","date_gmt":"2019-09-11T12:33:25","guid":{"rendered":"http:\/\/bajuwaren-laden.de\/?post_type=product&#038;p=458"},"modified":"2022-02-04T14:01:46","modified_gmt":"2022-02-04T14:01:46","slug":"mais","status":"publish","type":"product","link":"https:\/\/bajuwaren-laden.de\/?product=mais","title":{"rendered":"Mais (zea mays)"},"content":{"rendered":"<p>Ihr wollt Euch ein paar sch\u00f6ne Kolben Mais kaufen? Um sie vielleicht auf den Grill zu legen? Fehlanzeige! Da m\u00fcsst ihr n\u00e4mlich noch gut 1.000 Jahre warten, bis Christof Columbus Amerika entdeckt. In Amerika war Mais schon immer ein Grundnahrungsmittel der Mayas, Inkas und Azteken. Columbus entdeckte die seltsamen Kolben nach 1492 bei den Ureinwohnern der Karibik, und er nahm sie nach Spanien mit, zusammen mit anderen exotischen Dingen, wie Papageien, Tomaten, Kartoffeln und Schokolade. 1525 hat man die amerikanischen Maisk\u00f6rner erstmals auf spanischen Feldern ausges\u00e4t. Das Experiment gl\u00fcckte. Heute gibt es in Europa Maisfelder soweit das Auge reicht. Und der Mais ist \u00fcberall. Er steckt in unserem Essen, in T-Shirts, in Einweggeschirr, im Kraftfutter f\u00fcr K\u00fche. Seit einigen Jahren werden die meterhohen St\u00e4ngel verst\u00e4rkt zur Energiegewinnung angebaut. Mancherorts droht eine regelrechte \u201eVermaisung\u201c der Landschaft, weil der Markt zwecks niedriger Preise es so will.<\/p>\n","protected":false},"excerpt":{"rendered":"<p>Dieses Produkt ist erst im 16 Jh. verf\u00fcgbar<\/p>\n","protected":false},"featured_media":1843,"comment_status":"open","ping_status":"closed","template":"","meta":[],"product_brand":[],"product_cat":[26],"product_tag":[71,39,51],"class_list":{"0":"post-458","1":"product","2":"type-product","3":"status-publish","4":"has-post-thumbnail","6":"product_cat-getreide","7":"product_tag-amerika","8":"product_tag-getreide","9":"product_tag-mais","11":"first","12":"onbackorder","13":"taxable","14":"shipping-taxable","15":"purchasable","16":"product-type-simple"},"_links":{"self":[{"href":"https:\/\/bajuwaren-laden.de\/index.php?rest_route=\/wp\/v2\/product\/458","targetHints":{"allow":["GET"]}}],"collection":[{"href":"https:\/\/bajuwaren-laden.de\/index.php?rest_route=\/wp\/v2\/product"}],"about":[{"href":"https:\/\/bajuwaren-laden.de\/index.php?rest_route=\/wp\/v2\/types\/product"}],"replies":[{"embeddable":true,"href":"https:\/\/bajuwaren-laden.de\/index.php?rest_route=%2Fwp%2Fv2%2Fcomments&post=458"}],"wp:featuredmedia":[{"embeddable":true,"href":"https:\/\/bajuwaren-laden.de\/index.php?rest_route=\/wp\/v2\/media\/1843"}],"wp:attachment":[{"href":"https:\/\/bajuwaren-laden.de\/index.php?rest_route=%2Fwp%2Fv2%2Fmedia&parent=458"}],"wp:term":[{"taxonomy":"product_brand","embeddable":true,"href":"https:\/\/bajuwaren-laden.de\/index.php?rest_route=%2Fwp%2Fv2%2Fproduct_brand&post=458"},{"taxonomy":"product_cat","embeddable":true,"href":"https:\/\/bajuwaren-laden.de\/index.php?rest_route=%2Fwp%2Fv2%2Fproduct_cat&post=458"},{"taxonomy":"product_tag","embeddable":true,"href":"https:\/\/bajuwaren-laden.de\/index.php?rest_route=%2Fwp%2Fv2%2Fproduct_tag&post=458"}],"curies":[{"name":"wp","href":"https:\/\/api.w.org\/{rel}","templated":true}]}}