{"id":450,"date":"2019-09-11T08:21:39","date_gmt":"2019-09-11T08:21:39","guid":{"rendered":"http:\/\/bajuwaren-laden.de\/?post_type=product&#038;p=450"},"modified":"2022-02-04T14:06:25","modified_gmt":"2022-02-04T14:06:25","slug":"artischocke","status":"publish","type":"product","link":"https:\/\/bajuwaren-laden.de\/?product=artischocke","title":{"rendered":"Artischocke (carciofo romanesco)"},"content":{"rendered":"<p>Die diestel\u00e4hnliche Pflanze kommt aus Nordafrika, wurde in der Antike aber im gesamten Mittelmeerraum kultiviert. Sie wird bis zu zwei Meter hoch und tr\u00e4gt violette Bl\u00fcten. Die Griechen und R\u00f6mer haben die fleischigen Teile der Bl\u00fcte als Gem\u00fcse verzehrt. Gern nagten sie die in Essigwasser weichgekochten Schuppenbl\u00e4tter ab. Eine besondere Delikatesse waren die leicht bitter schmeckenden Bl\u00fctenb\u00f6den, die sogenannten Artischockenherzen. Dar\u00fcber hinaus setzten die alten R\u00f6mer die Artischocke als Arzneimittel ein. Ein Sud aus Artischockenbl\u00e4tter und Wein sollte gegen l\u00e4stigen Schwei\u00dfgeruch helfen und gut f\u00fcr den Harnfluss sein. Die R\u00f6mer entdeckten auch, dass Artischocken die Fettverdauung ankurbeln. Aus diesem Grund reichten sie bei ihren Fress- und Saufgelagen immer vorsorglich ein paar gekochte Artischockenbl\u00e4tter. In unserer Gegend ist die Pflanze nicht oft zu sehen. Ihr findet Artischoken heute vor allem auf italienischen Vorspeisentellern und auf der Pizza.<\/p>\n","protected":false},"excerpt":{"rendered":"<p>Wird aus &#8230; geliefert<\/p>\n","protected":false},"featured_media":1866,"comment_status":"open","ping_status":"closed","template":"","meta":[],"product_brand":[],"product_cat":[44],"product_tag":[45,46],"class_list":{"0":"post-450","1":"product","2":"type-product","3":"status-publish","4":"has-post-thumbnail","6":"product_cat-gemuese","7":"product_tag-artischocke","8":"product_tag-gemuese","10":"first","11":"instock","12":"taxable","13":"shipping-taxable","14":"purchasable","15":"product-type-simple"},"_links":{"self":[{"href":"https:\/\/bajuwaren-laden.de\/index.php?rest_route=\/wp\/v2\/product\/450","targetHints":{"allow":["GET"]}}],"collection":[{"href":"https:\/\/bajuwaren-laden.de\/index.php?rest_route=\/wp\/v2\/product"}],"about":[{"href":"https:\/\/bajuwaren-laden.de\/index.php?rest_route=\/wp\/v2\/types\/product"}],"replies":[{"embeddable":true,"href":"https:\/\/bajuwaren-laden.de\/index.php?rest_route=%2Fwp%2Fv2%2Fcomments&post=450"}],"wp:featuredmedia":[{"embeddable":true,"href":"https:\/\/bajuwaren-laden.de\/index.php?rest_route=\/wp\/v2\/media\/1866"}],"wp:attachment":[{"href":"https:\/\/bajuwaren-laden.de\/index.php?rest_route=%2Fwp%2Fv2%2Fmedia&parent=450"}],"wp:term":[{"taxonomy":"product_brand","embeddable":true,"href":"https:\/\/bajuwaren-laden.de\/index.php?rest_route=%2Fwp%2Fv2%2Fproduct_brand&post=450"},{"taxonomy":"product_cat","embeddable":true,"href":"https:\/\/bajuwaren-laden.de\/index.php?rest_route=%2Fwp%2Fv2%2Fproduct_cat&post=450"},{"taxonomy":"product_tag","embeddable":true,"href":"https:\/\/bajuwaren-laden.de\/index.php?rest_route=%2Fwp%2Fv2%2Fproduct_tag&post=450"}],"curies":[{"name":"wp","href":"https:\/\/api.w.org\/{rel}","templated":true}]}}