{"id":323,"date":"2019-08-12T17:59:21","date_gmt":"2019-08-12T17:59:21","guid":{"rendered":"http:\/\/bajuwaren-laden.de\/?post_type=product&#038;p=323"},"modified":"2022-02-04T14:09:52","modified_gmt":"2022-02-04T14:09:52","slug":"pfeffer-piper","status":"publish","type":"product","link":"https:\/\/bajuwaren-laden.de\/?product=pfeffer-piper","title":{"rendered":"Pfeffer (piper)"},"content":{"rendered":"<p>Indien ist das Land, wo der Pfeffer w\u00e4chst. Weil Indien weit weg ist, mussten die Pfefferk\u00f6rner einige Tausend abenteuerliche Kilometer bis ins R\u00f6merreich reisen. Dieser lange Weg machte den Pfeffer teuer. Etwa 2 Sesterze zahlte man im Rom des 1. Jahrhunderts f\u00fcr soviel Pfeffer, wie in eine kleine Pfefferm\u00fchle passt. Ein einfacher Legionssoldat verdiente zweieinhalb Sesterzen, er musste f\u00fcr ein bisschen Pfeffer also fast seinen gesamten Tagessold berappen. Kein Wunder, dass die reichen Gourmets unter den R\u00f6mern geradezu pfeffers\u00fcchtig waren, weil sich mit Pfeffer sch\u00f6n angeben lie\u00df. Sie gingen sogar so weit, dass sie sogar ihre S\u00fc\u00dfspeisen mit Pfeffer w\u00fcrzten. Auch die Germanen lernten das exotische Gew\u00fcrz bald kennen und sch\u00e4tzen. Als die Ostgoten im Jahr 410 Rom belagerten, forderten sie nicht nur Gold und Silber, sondern auch noch 3.000 Pfund Pfeffer als L\u00f6segeld.<\/p>\n","protected":false},"excerpt":{"rendered":"<p>Lieferzeit: bis zu 3 Monaten<\/p>\n","protected":false},"featured_media":1860,"comment_status":"open","ping_status":"closed","template":"","meta":[],"product_brand":[],"product_cat":[64,153],"product_tag":[156,154,157,158,155,70],"class_list":{"0":"post-323","1":"product","2":"type-product","3":"status-publish","4":"has-post-thumbnail","6":"product_cat-gewuerze","7":"product_cat-pfeffer","8":"product_tag-dessert","9":"product_tag-gewuerze","10":"product_tag-indien","11":"product_tag-luxus","12":"product_tag-pfeffer","13":"product_tag-roemer","15":"first","16":"instock","17":"downloadable","18":"virtual","19":"sold-individually","20":"taxable","21":"purchasable","22":"product-type-simple"},"_links":{"self":[{"href":"https:\/\/bajuwaren-laden.de\/index.php?rest_route=\/wp\/v2\/product\/323","targetHints":{"allow":["GET"]}}],"collection":[{"href":"https:\/\/bajuwaren-laden.de\/index.php?rest_route=\/wp\/v2\/product"}],"about":[{"href":"https:\/\/bajuwaren-laden.de\/index.php?rest_route=\/wp\/v2\/types\/product"}],"replies":[{"embeddable":true,"href":"https:\/\/bajuwaren-laden.de\/index.php?rest_route=%2Fwp%2Fv2%2Fcomments&post=323"}],"wp:featuredmedia":[{"embeddable":true,"href":"https:\/\/bajuwaren-laden.de\/index.php?rest_route=\/wp\/v2\/media\/1860"}],"wp:attachment":[{"href":"https:\/\/bajuwaren-laden.de\/index.php?rest_route=%2Fwp%2Fv2%2Fmedia&parent=323"}],"wp:term":[{"taxonomy":"product_brand","embeddable":true,"href":"https:\/\/bajuwaren-laden.de\/index.php?rest_route=%2Fwp%2Fv2%2Fproduct_brand&post=323"},{"taxonomy":"product_cat","embeddable":true,"href":"https:\/\/bajuwaren-laden.de\/index.php?rest_route=%2Fwp%2Fv2%2Fproduct_cat&post=323"},{"taxonomy":"product_tag","embeddable":true,"href":"https:\/\/bajuwaren-laden.de\/index.php?rest_route=%2Fwp%2Fv2%2Fproduct_tag&post=323"}],"curies":[{"name":"wp","href":"https:\/\/api.w.org\/{rel}","templated":true}]}}