{"id":322,"date":"2019-08-12T17:57:42","date_gmt":"2019-08-12T17:57:42","guid":{"rendered":"http:\/\/bajuwaren-laden.de\/?post_type=product&#038;p=322"},"modified":"2022-02-04T14:11:09","modified_gmt":"2022-02-04T14:11:09","slug":"beifuss-satureia","status":"publish","type":"product","link":"https:\/\/bajuwaren-laden.de\/?product=beifuss-satureia","title":{"rendered":"Beifu\u00df (satureia)"},"content":{"rendered":"<p>Dieses Kraut w\u00e4chst wild so ziemlich \u00fcberall in Europa, bevorzugt an Wegr\u00e4ndern, Schuttfl\u00e4chen und sandigen Ecken. Seit Urzeiten nutzen die Menschen die Heilkraft der Pflanze. Die Germanen nannten den Beifu\u00df Mugwurz oder \u201eMachtwurz\u201c. Lange Zeit galt der Beifu\u00df als &#8222;magisch&#8220;. Man glaubte, dass er vor Geistern und b\u00f6sen Fl\u00fcchen sch\u00fctzt \u2013 vielleicht aus diesem Grund hat auch Harry Potter Beifu\u00df in seinen Zaubertrank ger\u00fchrt. Die Germanen nutzen Beifu\u00df, um ihr Bier damit zu w\u00fcrzen. Und wenn sie m\u00fcde F\u00fc\u00dfe hatten, steckten sie Beifu\u00df in ihre Schuhe &#8211; daher wohl der seltsame Name &#8222;Beifu\u00df&#8220;. Heute hat Beifu\u00df kaum noch eine Bedeutung als Heilpflanze. Traditionell ist es aber \u00fcblich, ein paar Zweige des langstieligen Krauts in den fettigen G\u00e4nsebraten zu stopfen, weil Beifu\u00df ein guter Verdauungshelfer sein soll.<\/p>\n","protected":false},"excerpt":{"rendered":"<p>Sofort Lieferbar<\/p>\n","protected":false},"featured_media":1861,"comment_status":"open","ping_status":"closed","template":"","meta":[],"product_brand":[],"product_cat":[159,64],"product_tag":[162,160,66,67,60],"class_list":{"0":"post-322","1":"product","2":"type-product","3":"status-publish","4":"has-post-thumbnail","6":"product_cat-beifuss","7":"product_cat-gewuerze","8":"product_tag-aberglaube","9":"product_tag-beifuss","10":"product_tag-bier","11":"product_tag-germanen","12":"product_tag-gewuerz","14":"first","15":"instock","16":"downloadable","17":"virtual","18":"sold-individually","19":"taxable","20":"purchasable","21":"product-type-simple"},"_links":{"self":[{"href":"https:\/\/bajuwaren-laden.de\/index.php?rest_route=\/wp\/v2\/product\/322","targetHints":{"allow":["GET"]}}],"collection":[{"href":"https:\/\/bajuwaren-laden.de\/index.php?rest_route=\/wp\/v2\/product"}],"about":[{"href":"https:\/\/bajuwaren-laden.de\/index.php?rest_route=\/wp\/v2\/types\/product"}],"replies":[{"embeddable":true,"href":"https:\/\/bajuwaren-laden.de\/index.php?rest_route=%2Fwp%2Fv2%2Fcomments&post=322"}],"wp:featuredmedia":[{"embeddable":true,"href":"https:\/\/bajuwaren-laden.de\/index.php?rest_route=\/wp\/v2\/media\/1861"}],"wp:attachment":[{"href":"https:\/\/bajuwaren-laden.de\/index.php?rest_route=%2Fwp%2Fv2%2Fmedia&parent=322"}],"wp:term":[{"taxonomy":"product_brand","embeddable":true,"href":"https:\/\/bajuwaren-laden.de\/index.php?rest_route=%2Fwp%2Fv2%2Fproduct_brand&post=322"},{"taxonomy":"product_cat","embeddable":true,"href":"https:\/\/bajuwaren-laden.de\/index.php?rest_route=%2Fwp%2Fv2%2Fproduct_cat&post=322"},{"taxonomy":"product_tag","embeddable":true,"href":"https:\/\/bajuwaren-laden.de\/index.php?rest_route=%2Fwp%2Fv2%2Fproduct_tag&post=322"}],"curies":[{"name":"wp","href":"https:\/\/api.w.org\/{rel}","templated":true}]}}