{"id":312,"date":"2019-08-12T17:46:36","date_gmt":"2019-08-12T17:46:36","guid":{"rendered":"http:\/\/bajuwaren-laden.de\/?post_type=product&#038;p=312"},"modified":"2022-02-04T14:13:33","modified_gmt":"2022-02-04T14:13:33","slug":"apfel","status":"publish","type":"product","link":"https:\/\/bajuwaren-laden.de\/?product=apfel","title":{"rendered":"Apfel (malus domestica)"},"content":{"rendered":"<p>Bei uns im Sortiment findet Ihr leckere \u00c4pfel, saftig und rotb\u00e4ckig \u2013 sie werden im Oktober ganz frisch aus Italien angekarrt. Der Apfelbaum ist der \u00e4lteste kultivierte Obstbaum der Welt. Schon im Paradies soll ein Apfelbaum gewachsen sein, wo das erste Menschenpaar, Adam und Eva, von seinen Fr\u00fcchten heimlich naschte, mit schwerwiegenden Folgen&#8230; Dass der Apfel in unsere Gegend kam, ist den R\u00f6mern zu verdanken. Die r\u00f6mischen Obstbauern zeigten sich hier als wahre Spezialisten der Apfelzucht. Sie z\u00fcchteten rote, gelbe, gr\u00fcne \u00c4pfel und solche, die nach Honig schmeckten. Jenseits des Limes hat es ein so breites Angebot an \u00c4pfeln nicht gegeben. Die Germanen begn\u00fcgten sich mit den eher nach Pappe schmeckenden heimischen Holz\u00e4pfeln. Wenn sie im Winter eine S\u00fc\u00dfigkeit naschen wollen, schnitten sie \u00c4pfel in Scheiben und trockneten sie.<\/p>\n","protected":false},"excerpt":{"rendered":"<p>Frisch aus Italien Ende September Anfang Oktober. Lieferzeit 1-2 Wochen.<\/p>\n","protected":false},"featured_media":1826,"comment_status":"closed","ping_status":"closed","template":"","meta":[],"product_brand":[],"product_cat":[25],"product_tag":[22,74,21,70],"class_list":{"0":"post-312","1":"product","2":"type-product","3":"status-publish","4":"has-post-thumbnail","6":"product_cat-obst","7":"product_tag-apfel","8":"product_tag-italien","9":"product_tag-obst","10":"product_tag-roemer","12":"first","13":"instock","14":"virtual","15":"taxable","16":"purchasable","17":"product-type-simple"},"_links":{"self":[{"href":"https:\/\/bajuwaren-laden.de\/index.php?rest_route=\/wp\/v2\/product\/312","targetHints":{"allow":["GET"]}}],"collection":[{"href":"https:\/\/bajuwaren-laden.de\/index.php?rest_route=\/wp\/v2\/product"}],"about":[{"href":"https:\/\/bajuwaren-laden.de\/index.php?rest_route=\/wp\/v2\/types\/product"}],"replies":[{"embeddable":true,"href":"https:\/\/bajuwaren-laden.de\/index.php?rest_route=%2Fwp%2Fv2%2Fcomments&post=312"}],"wp:featuredmedia":[{"embeddable":true,"href":"https:\/\/bajuwaren-laden.de\/index.php?rest_route=\/wp\/v2\/media\/1826"}],"wp:attachment":[{"href":"https:\/\/bajuwaren-laden.de\/index.php?rest_route=%2Fwp%2Fv2%2Fmedia&parent=312"}],"wp:term":[{"taxonomy":"product_brand","embeddable":true,"href":"https:\/\/bajuwaren-laden.de\/index.php?rest_route=%2Fwp%2Fv2%2Fproduct_brand&post=312"},{"taxonomy":"product_cat","embeddable":true,"href":"https:\/\/bajuwaren-laden.de\/index.php?rest_route=%2Fwp%2Fv2%2Fproduct_cat&post=312"},{"taxonomy":"product_tag","embeddable":true,"href":"https:\/\/bajuwaren-laden.de\/index.php?rest_route=%2Fwp%2Fv2%2Fproduct_tag&post=312"}],"curies":[{"name":"wp","href":"https:\/\/api.w.org\/{rel}","templated":true}]}}