{"id":282,"date":"2019-08-01T17:32:30","date_gmt":"2019-08-01T17:32:30","guid":{"rendered":"http:\/\/bajuwaren-laden.de\/?post_type=product&#038;p=282"},"modified":"2022-09-02T14:16:59","modified_gmt":"2022-09-02T14:16:59","slug":"traube","status":"publish","type":"product","link":"https:\/\/bajuwaren-laden.de\/?product=traube","title":{"rendered":"Weintraube (vinum)"},"content":{"rendered":"<p>\u00dcberlegt Euch zun\u00e4chst, was Ihr mit den Trauben anstellen wollt. Wollt Ihr die Weinbeeren frisch vernaschen? Dann m\u00fcsst Ihr die prallen Tafeltrauben kaufen. Diese k\u00f6nnt Ihr auch gut zu Rosinen trocknen. Wenn Ihr s\u00fcffigen Wein gewinnen wollt, braucht Ihr Keltertrauben. Wie Wein gekeltert wird, erkl\u00e4ren euch am besten die R\u00f6mer. Sie haben die jahrtausendealte Technik des Weinbaus \u00fcber die Alpen gebracht. Und sie hatten auch gleich noch ein paar Rebst\u00f6cke im Gep\u00e4ck, die sie an Rhein und Mosel eingesto\u00dfen haben. Dort w\u00e4chst der Wein seit Caesars Zeit ganz pr\u00e4chtig. Im Unterschied zu den R\u00f6mern scheinen die\u00a0 Bajuwaren keine gro\u00dfen &#8222;Weinschmecker&#8220; gewesen zu sein. Das neumodische alkoholische Getr\u00e4nk aus Italien fand bei ihnen kaum Anklang. Die Bajuwaren blieb lieber beim Bier &#8211; und daran hat sich in unserer Gegend bis heute wenig ge\u00e4ndert.<\/p>\n","protected":false},"excerpt":{"rendered":"<p>Lieferbar in wenigen Tagen frisch im Oktober und November\u00a0 oder jederzeit getrocknet.<\/p>\n","protected":false},"featured_media":1830,"comment_status":"closed","ping_status":"closed","template":"","meta":[],"product_brand":[],"product_cat":[25,77],"product_tag":[21,70,78,34],"class_list":{"0":"post-282","1":"product","2":"type-product","3":"status-publish","4":"has-post-thumbnail","6":"product_cat-obst","7":"product_cat-weintraube","8":"product_tag-obst","9":"product_tag-roemer","10":"product_tag-wein","11":"product_tag-weintraube","13":"first","14":"instock","15":"virtual","16":"taxable","17":"purchasable","18":"product-type-simple"},"_links":{"self":[{"href":"https:\/\/bajuwaren-laden.de\/index.php?rest_route=\/wp\/v2\/product\/282","targetHints":{"allow":["GET"]}}],"collection":[{"href":"https:\/\/bajuwaren-laden.de\/index.php?rest_route=\/wp\/v2\/product"}],"about":[{"href":"https:\/\/bajuwaren-laden.de\/index.php?rest_route=\/wp\/v2\/types\/product"}],"replies":[{"embeddable":true,"href":"https:\/\/bajuwaren-laden.de\/index.php?rest_route=%2Fwp%2Fv2%2Fcomments&post=282"}],"wp:featuredmedia":[{"embeddable":true,"href":"https:\/\/bajuwaren-laden.de\/index.php?rest_route=\/wp\/v2\/media\/1830"}],"wp:attachment":[{"href":"https:\/\/bajuwaren-laden.de\/index.php?rest_route=%2Fwp%2Fv2%2Fmedia&parent=282"}],"wp:term":[{"taxonomy":"product_brand","embeddable":true,"href":"https:\/\/bajuwaren-laden.de\/index.php?rest_route=%2Fwp%2Fv2%2Fproduct_brand&post=282"},{"taxonomy":"product_cat","embeddable":true,"href":"https:\/\/bajuwaren-laden.de\/index.php?rest_route=%2Fwp%2Fv2%2Fproduct_cat&post=282"},{"taxonomy":"product_tag","embeddable":true,"href":"https:\/\/bajuwaren-laden.de\/index.php?rest_route=%2Fwp%2Fv2%2Fproduct_tag&post=282"}],"curies":[{"name":"wp","href":"https:\/\/api.w.org\/{rel}","templated":true}]}}