{"id":276,"date":"2019-08-01T17:21:55","date_gmt":"2019-08-01T17:21:55","guid":{"rendered":"http:\/\/bajuwaren-laden.de\/?post_type=product&#038;p=276"},"modified":"2020-04-29T11:45:35","modified_gmt":"2020-04-29T11:45:35","slug":"pfirsich","status":"publish","type":"product","link":"https:\/\/bajuwaren-laden.de\/?product=pfirsich","title":{"rendered":"Pfirsich (prunus persica)"},"content":{"rendered":"<p>Die Wiege des Pfirsichs scheint im s\u00fcdlichen China gestanden zu haben. \u00dcber Persien gelangte der Obstbaum nach Griechenland und breitete sich schlie\u00dflich im 1. Jh. n. Chr. mit den R\u00f6mern in Mitteleuropa aus. Auch in den transalpinen Provinzen scheint der Pfirsich schon fr\u00fch auf speziellen Obstplantagen gewachsen zu sein. Arch\u00e4ologen entdeckten Pfirsichkerne in alten Feuerstellen, Brunnensch\u00e4chten, ja sogar in der Mauer eines gallor\u00f6mischen Thermalbades (Sanxay, bei Poitiers). Die Germanen, auf der anderen Seite, hatte in der Antike noch keine Ahnung von Pfirsichzucht. Arch\u00e4ologische Funde? Fehlanzeige!<\/p>\n","protected":false},"excerpt":{"rendered":"<p>Die Wiege des Pfirsichs scheint im s\u00fcdlichen China gestanden zu haben. \u00dcber Persien gelangte der Obstbaum nach Griechenland und breitete sich schlie\u00dflich im 1. Jh. n. Chr. mit den R\u00f6mern in Mitteleuropa aus. Auch in den transalpinen Provinzen scheint der Pfirsich schon fr\u00fch auf speziellen Obstplantagen gewachsen zu sein. Arch\u00e4ologen entdeckten Pfirsichkerne in alten Feuerstellen, [&hellip;]<\/p>\n","protected":false},"featured_media":280,"comment_status":"closed","ping_status":"closed","template":"","meta":[],"product_brand":[],"product_cat":[25],"product_tag":[21,32],"class_list":{"0":"post-276","1":"product","2":"type-product","3":"status-publish","4":"has-post-thumbnail","6":"product_cat-obst","7":"product_tag-obst","8":"product_tag-pfirsich","10":"first","11":"instock","12":"virtual","13":"taxable","14":"purchasable","15":"product-type-simple"},"_links":{"self":[{"href":"https:\/\/bajuwaren-laden.de\/index.php?rest_route=\/wp\/v2\/product\/276","targetHints":{"allow":["GET"]}}],"collection":[{"href":"https:\/\/bajuwaren-laden.de\/index.php?rest_route=\/wp\/v2\/product"}],"about":[{"href":"https:\/\/bajuwaren-laden.de\/index.php?rest_route=\/wp\/v2\/types\/product"}],"replies":[{"embeddable":true,"href":"https:\/\/bajuwaren-laden.de\/index.php?rest_route=%2Fwp%2Fv2%2Fcomments&post=276"}],"wp:featuredmedia":[{"embeddable":true,"href":"https:\/\/bajuwaren-laden.de\/index.php?rest_route=\/wp\/v2\/media\/280"}],"wp:attachment":[{"href":"https:\/\/bajuwaren-laden.de\/index.php?rest_route=%2Fwp%2Fv2%2Fmedia&parent=276"}],"wp:term":[{"taxonomy":"product_brand","embeddable":true,"href":"https:\/\/bajuwaren-laden.de\/index.php?rest_route=%2Fwp%2Fv2%2Fproduct_brand&post=276"},{"taxonomy":"product_cat","embeddable":true,"href":"https:\/\/bajuwaren-laden.de\/index.php?rest_route=%2Fwp%2Fv2%2Fproduct_cat&post=276"},{"taxonomy":"product_tag","embeddable":true,"href":"https:\/\/bajuwaren-laden.de\/index.php?rest_route=%2Fwp%2Fv2%2Fproduct_tag&post=276"}],"curies":[{"name":"wp","href":"https:\/\/api.w.org\/{rel}","templated":true}]}}