{"id":275,"date":"2019-08-01T17:21:04","date_gmt":"2019-08-01T17:21:04","guid":{"rendered":"http:\/\/bajuwaren-laden.de\/?post_type=product&#038;p=275"},"modified":"2022-02-04T14:16:58","modified_gmt":"2022-02-04T14:16:58","slug":"kiwi","status":"publish","type":"product","link":"https:\/\/bajuwaren-laden.de\/?product=kiwi","title":{"rendered":"Kiwi (actinidia deliciosa)"},"content":{"rendered":"<p>Hoax! Bis ihr diesen lustigen gr\u00fcnen Exoten mit seinen vielen schwarzen Kernchen vernaschen k\u00f6nnt, dauert es noch ein paar hundert Jahre. Die R\u00f6mer haben die Kiwi noch nicht gekannt. Urspr\u00fcnglich stammt die eierf\u00f6rmige Frucht aus dem fernen China. Wegen ihrer brauen borstigen Haut hat man die Kiwi anfangs \u201eChinesische Stachelbeere\u201c genannt. Von China aus gelangte sie im 20. Jahrhundert nach Neuseeland und wurde von dort aus in alle Welt exportiert. Bald erhielt die Frucht den Namen &#8222;Kiwi&#8220;, nach dem gleichnamigen neuseel\u00e4ndischen Vogel. Die Kiwi ist eine echte Vitaminbombe. Schon eine einzige Frucht kann den Tagesbedarf eines Kindes an Vitamin C decken.<\/p>\n","protected":false},"excerpt":{"rendered":"<p>Lieferbar in einigen hundert Jahren.<\/p>\n","protected":false},"featured_media":1831,"comment_status":"closed","ping_status":"closed","template":"","meta":[],"product_brand":[],"product_cat":[29,123,25],"product_tag":[75,30,76,21],"class_list":{"0":"post-275","1":"product","2":"type-product","3":"status-publish","4":"has-post-thumbnail","6":"product_cat-kiwi","7":"product_cat-lorbeer","8":"product_cat-obst","9":"product_tag-china","10":"product_tag-kiwi","11":"product_tag-neuseeland","12":"product_tag-obst","14":"first","15":"onbackorder","16":"virtual","17":"taxable","18":"purchasable","19":"product-type-simple"},"_links":{"self":[{"href":"https:\/\/bajuwaren-laden.de\/index.php?rest_route=\/wp\/v2\/product\/275","targetHints":{"allow":["GET"]}}],"collection":[{"href":"https:\/\/bajuwaren-laden.de\/index.php?rest_route=\/wp\/v2\/product"}],"about":[{"href":"https:\/\/bajuwaren-laden.de\/index.php?rest_route=\/wp\/v2\/types\/product"}],"replies":[{"embeddable":true,"href":"https:\/\/bajuwaren-laden.de\/index.php?rest_route=%2Fwp%2Fv2%2Fcomments&post=275"}],"wp:featuredmedia":[{"embeddable":true,"href":"https:\/\/bajuwaren-laden.de\/index.php?rest_route=\/wp\/v2\/media\/1831"}],"wp:attachment":[{"href":"https:\/\/bajuwaren-laden.de\/index.php?rest_route=%2Fwp%2Fv2%2Fmedia&parent=275"}],"wp:term":[{"taxonomy":"product_brand","embeddable":true,"href":"https:\/\/bajuwaren-laden.de\/index.php?rest_route=%2Fwp%2Fv2%2Fproduct_brand&post=275"},{"taxonomy":"product_cat","embeddable":true,"href":"https:\/\/bajuwaren-laden.de\/index.php?rest_route=%2Fwp%2Fv2%2Fproduct_cat&post=275"},{"taxonomy":"product_tag","embeddable":true,"href":"https:\/\/bajuwaren-laden.de\/index.php?rest_route=%2Fwp%2Fv2%2Fproduct_tag&post=275"}],"curies":[{"name":"wp","href":"https:\/\/api.w.org\/{rel}","templated":true}]}}