{"id":274,"date":"2019-08-01T17:20:02","date_gmt":"2019-08-01T17:20:02","guid":{"rendered":"http:\/\/bajuwaren-laden.de\/?post_type=product&#038;p=274"},"modified":"2022-02-04T14:17:58","modified_gmt":"2022-02-04T14:17:58","slug":"birne","status":"publish","type":"product","link":"https:\/\/bajuwaren-laden.de\/?product=birne","title":{"rendered":"Holzbirne (pyrus pyraster)"},"content":{"rendered":"<p>Heute im Angebot, und sofort lieferbar: die Holzbirne, unser germanisches Ur-Obst! Neben dem Apfel ist die Birne die in Europa am weitesten verbreitete Frucht. Den Germanen war der Birnbaum sogar heilig. Allerdings waren die Fr\u00fcchte der Holzbirne bei weitem nicht so saftig und aromatisch wie unsere heutigen &#8222;Kulturbirnen&#8220;. Im Gegenteil. Man hatte wohl eher das Gef\u00fchl, dass man auf Holz kaute, wenn man in die Urfr\u00fcchte bi\u00df. Daher wurde die Holzbirne auch nicht roh gegessen, sondern getrocknet oder zu Teig zerkocht. Edlere Sorten, wie die heute noch bekannte r\u00f6mische Schmalzbirne, brachten erst die R\u00f6mer nach Germanien. Die Birne wurde auch als Heilmittel genutzt. Bei Halsschmerzen oder entz\u00fcndeter Blase sollte ein Birnensaft oder Birnentee helfen.<\/p>\n","protected":false},"excerpt":{"rendered":"<p>Sofort lieferbar September und Oktober<\/p>\n","protected":false},"featured_media":1832,"comment_status":"closed","ping_status":"closed","template":"","meta":[],"product_brand":[],"product_cat":[28,25],"product_tag":[31,67,111,21,70],"class_list":{"0":"post-274","1":"product","2":"type-product","3":"status-publish","4":"has-post-thumbnail","6":"product_cat-birne","7":"product_cat-obst","8":"product_tag-birne","9":"product_tag-germanen","10":"product_tag-heilpflanze","11":"product_tag-obst","12":"product_tag-roemer","14":"first","15":"instock","16":"virtual","17":"taxable","18":"purchasable","19":"product-type-simple"},"_links":{"self":[{"href":"https:\/\/bajuwaren-laden.de\/index.php?rest_route=\/wp\/v2\/product\/274","targetHints":{"allow":["GET"]}}],"collection":[{"href":"https:\/\/bajuwaren-laden.de\/index.php?rest_route=\/wp\/v2\/product"}],"about":[{"href":"https:\/\/bajuwaren-laden.de\/index.php?rest_route=\/wp\/v2\/types\/product"}],"replies":[{"embeddable":true,"href":"https:\/\/bajuwaren-laden.de\/index.php?rest_route=%2Fwp%2Fv2%2Fcomments&post=274"}],"wp:featuredmedia":[{"embeddable":true,"href":"https:\/\/bajuwaren-laden.de\/index.php?rest_route=\/wp\/v2\/media\/1832"}],"wp:attachment":[{"href":"https:\/\/bajuwaren-laden.de\/index.php?rest_route=%2Fwp%2Fv2%2Fmedia&parent=274"}],"wp:term":[{"taxonomy":"product_brand","embeddable":true,"href":"https:\/\/bajuwaren-laden.de\/index.php?rest_route=%2Fwp%2Fv2%2Fproduct_brand&post=274"},{"taxonomy":"product_cat","embeddable":true,"href":"https:\/\/bajuwaren-laden.de\/index.php?rest_route=%2Fwp%2Fv2%2Fproduct_cat&post=274"},{"taxonomy":"product_tag","embeddable":true,"href":"https:\/\/bajuwaren-laden.de\/index.php?rest_route=%2Fwp%2Fv2%2Fproduct_tag&post=274"}],"curies":[{"name":"wp","href":"https:\/\/api.w.org\/{rel}","templated":true}]}}