{"id":1282,"date":"2020-03-25T12:36:28","date_gmt":"2020-03-25T12:36:28","guid":{"rendered":"http:\/\/bajuwaren-laden.de\/?post_type=product&#038;p=1282"},"modified":"2022-02-03T18:21:55","modified_gmt":"2022-02-03T18:21:55","slug":"laserpicium","status":"publish","type":"product","link":"https:\/\/bajuwaren-laden.de\/?product=laserpicium","title":{"rendered":"Stinkasant (asafoetida)"},"content":{"rendered":"<p>Als &#8222;Teufelsdreck&#8220; wurde diese sch\u00f6ne gelbe Doldenpflanze niedergemacht, und nur, weil ihr Milchsaft so \u00fcbel nach Knoblauch und Schwefel stinkt. Aber Geschm\u00e4cker sind zum Gl\u00fcck verschieden. Und so kam es auch, dass der im Orient verbreitete Asant in der Antike ein begehrtes Heil- und K\u00fcchenkraut war. Die R\u00f6mer fanden den bei\u00dfenden Duft sogar so erregend, dass sie sinnliche Herrenparf\u00fcms und Eau de Toilette daraus hergestellt haben.<\/p>\n<p>Geerntet wurde der Saft aus der Wurzel. Er wurde in der Sonne getrocknet und so zu einem gelblichen Gummiharz. Ein paar Kr\u00fcmelchen der Asant-Droge wurde bei allen m\u00f6glichen Wehwehchen geschluckt: bei Kr\u00e4mpfen, W\u00fcrmern, Husten oder auch Impotenz. F\u00fcr hinduistische Priester, die weder Zwiebeln noch Knoblauch naschen d\u00fcrfen (weil das die G\u00f6tter vertreibt), ist Asant bis heute ein Leckerbissen. Auch in der r\u00f6mischen K\u00fcche wird bis heute gern mit Asant gekocht. Dabei muss Asant als Ersatz herhalten f\u00fcr den ber\u00fchmten &#8222;Cyrenischen Saft&#8220;. Dieser wurde aus einer Pflanze namens <a href=\"https:\/\/de.wikipedia.org\/wiki\/Silphium\">Laserpicium<\/a> gewonnen und und war so wertvoll, dass er mit Silber aufgewogen wurde. Kaiser Nero hat noch ein Stengelchen dieser extrem begehrten Pflanze als Geschenk bekommen. Doch dann starb dieser Doldenbl\u00fcter leider aus. Und so kam Stinkasant zum Zuge.<\/p>\n","protected":false},"excerpt":{"rendered":"<p>Kommt aus Libyen und hat daher einige Wochen Lieferzeit.<\/p>\n","protected":false},"featured_media":1824,"comment_status":"closed","ping_status":"closed","template":"","meta":[],"product_brand":[],"product_cat":[126,275],"product_tag":[278,128,277,60,276,166,70],"class_list":{"0":"post-1282","1":"product","2":"type-product","3":"status-publish","4":"has-post-thumbnail","6":"product_cat-feinkost","7":"product_cat-laserpicium","8":"product_tag-duft","9":"product_tag-feinkost","10":"product_tag-gastmahl","11":"product_tag-gewuerz","12":"product_tag-laserpicium","13":"product_tag-parfuem","14":"product_tag-roemer","16":"first","17":"instock","18":"taxable","19":"shipping-taxable","20":"purchasable","21":"product-type-simple"},"_links":{"self":[{"href":"https:\/\/bajuwaren-laden.de\/index.php?rest_route=\/wp\/v2\/product\/1282","targetHints":{"allow":["GET"]}}],"collection":[{"href":"https:\/\/bajuwaren-laden.de\/index.php?rest_route=\/wp\/v2\/product"}],"about":[{"href":"https:\/\/bajuwaren-laden.de\/index.php?rest_route=\/wp\/v2\/types\/product"}],"replies":[{"embeddable":true,"href":"https:\/\/bajuwaren-laden.de\/index.php?rest_route=%2Fwp%2Fv2%2Fcomments&post=1282"}],"wp:featuredmedia":[{"embeddable":true,"href":"https:\/\/bajuwaren-laden.de\/index.php?rest_route=\/wp\/v2\/media\/1824"}],"wp:attachment":[{"href":"https:\/\/bajuwaren-laden.de\/index.php?rest_route=%2Fwp%2Fv2%2Fmedia&parent=1282"}],"wp:term":[{"taxonomy":"product_brand","embeddable":true,"href":"https:\/\/bajuwaren-laden.de\/index.php?rest_route=%2Fwp%2Fv2%2Fproduct_brand&post=1282"},{"taxonomy":"product_cat","embeddable":true,"href":"https:\/\/bajuwaren-laden.de\/index.php?rest_route=%2Fwp%2Fv2%2Fproduct_cat&post=1282"},{"taxonomy":"product_tag","embeddable":true,"href":"https:\/\/bajuwaren-laden.de\/index.php?rest_route=%2Fwp%2Fv2%2Fproduct_tag&post=1282"}],"curies":[{"name":"wp","href":"https:\/\/api.w.org\/{rel}","templated":true}]}}