{"id":1272,"date":"2020-03-25T12:06:05","date_gmt":"2020-03-25T12:06:05","guid":{"rendered":"http:\/\/bajuwaren-laden.de\/?post_type=product&#038;p=1272"},"modified":"2022-09-02T14:16:59","modified_gmt":"2022-09-02T14:16:59","slug":"papyrus-cyperus-papyrus","status":"publish","type":"product","link":"https:\/\/bajuwaren-laden.de\/?product=papyrus-cyperus-papyrus","title":{"rendered":"Papyrus (Cyperus papyrus)"},"content":{"rendered":"<p>Papyrus ist das \u201eBriefpapier\u201c des Altertums. Bereits die alten \u00c4gypter pinselten ihre Hieroglyphen auf Papyrus. Sie stellten diesen Beschreibstoff aus der Papyrusstaude, einer Art Zyperngras her. Das Mark der St\u00e4ngel wurde in Streifen \u00fcberlappend nebeneinander gelegt und dann flachgeklopft. Der z\u00e4he Pflanzensaft klebte die Fasern wie Leim zusammen. Nicht nur die \u00c4gypter, auch die Griechen und R\u00f6mer haben riesige Mengen an Text auf Papyrus geschrieben. Doch leider zerbr\u00f6selte Papyrus recht schnell, weshalb sie wichtige Texte immer wieder neu abkopieren mussten. Wer es sich leisten konnte, schrieb lieber auf die Haut von K\u00e4lbern, Ziegen oder Schafen. Diesen Beschreibstoff nennt man Pergament. Er war robuster, aber auch teuer.<\/p>\n","protected":false},"excerpt":{"rendered":"<p>Das Material wir aus \u00c4gypten angeliefert und hat mehrere Wochen Lieferzeit<\/p>\n","protected":false},"featured_media":1877,"comment_status":"closed","ping_status":"closed","template":"","meta":[],"product_brand":[],"product_cat":[80,272],"product_tag":[210,265,280,70,273,274],"class_list":{"0":"post-1272","1":"product","2":"type-product","3":"status-publish","4":"has-post-thumbnail","6":"product_cat-naturprodukte","7":"product_cat-papyrus","8":"product_tag-aegypten","9":"product_tag-beschreibstoff","10":"product_tag-hochwertig","11":"product_tag-roemer","12":"product_tag-schreibmaterial","13":"product_tag-urkunde","15":"first","16":"outofstock","17":"taxable","18":"shipping-taxable","19":"purchasable","20":"product-type-simple"},"_links":{"self":[{"href":"https:\/\/bajuwaren-laden.de\/index.php?rest_route=\/wp\/v2\/product\/1272","targetHints":{"allow":["GET"]}}],"collection":[{"href":"https:\/\/bajuwaren-laden.de\/index.php?rest_route=\/wp\/v2\/product"}],"about":[{"href":"https:\/\/bajuwaren-laden.de\/index.php?rest_route=\/wp\/v2\/types\/product"}],"replies":[{"embeddable":true,"href":"https:\/\/bajuwaren-laden.de\/index.php?rest_route=%2Fwp%2Fv2%2Fcomments&post=1272"}],"wp:featuredmedia":[{"embeddable":true,"href":"https:\/\/bajuwaren-laden.de\/index.php?rest_route=\/wp\/v2\/media\/1877"}],"wp:attachment":[{"href":"https:\/\/bajuwaren-laden.de\/index.php?rest_route=%2Fwp%2Fv2%2Fmedia&parent=1272"}],"wp:term":[{"taxonomy":"product_brand","embeddable":true,"href":"https:\/\/bajuwaren-laden.de\/index.php?rest_route=%2Fwp%2Fv2%2Fproduct_brand&post=1272"},{"taxonomy":"product_cat","embeddable":true,"href":"https:\/\/bajuwaren-laden.de\/index.php?rest_route=%2Fwp%2Fv2%2Fproduct_cat&post=1272"},{"taxonomy":"product_tag","embeddable":true,"href":"https:\/\/bajuwaren-laden.de\/index.php?rest_route=%2Fwp%2Fv2%2Fproduct_tag&post=1272"}],"curies":[{"name":"wp","href":"https:\/\/api.w.org\/{rel}","templated":true}]}}