{"id":1113,"date":"2019-12-17T14:38:09","date_gmt":"2019-12-17T14:38:09","guid":{"rendered":"http:\/\/bajuwaren-laden.de\/?page_id=1113"},"modified":"2020-06-22T06:55:00","modified_gmt":"2020-06-22T06:55:00","slug":"herzlich-willkommen-2","status":"publish","type":"page","link":"https:\/\/bajuwaren-laden.de\/?page_id=1113","title":{"rendered":"Worum geht&#8217;s?"},"content":{"rendered":"\t\t<div data-elementor-type=\"wp-page\" data-elementor-id=\"1113\" class=\"elementor elementor-1113\">\n\t\t\t\t\t\t<section class=\"elementor-section elementor-top-section elementor-element elementor-element-7987427 elementor-section-boxed elementor-section-height-default elementor-section-height-default\" data-id=\"7987427\" data-element_type=\"section\" data-e-type=\"section\">\n\t\t\t\t\t\t<div class=\"elementor-container elementor-column-gap-default\">\n\t\t\t\t\t<div class=\"elementor-column elementor-col-33 elementor-top-column elementor-element elementor-element-03d3aea\" data-id=\"03d3aea\" data-element_type=\"column\" data-e-type=\"column\">\n\t\t\t<div class=\"elementor-widget-wrap elementor-element-populated\">\n\t\t\t\t\t\t<div class=\"elementor-element elementor-element-e1bc4c5 elementor-widget elementor-widget-image\" data-id=\"e1bc4c5\" data-element_type=\"widget\" data-e-type=\"widget\" data-widget_type=\"image.default\">\n\t\t\t\t<div class=\"elementor-widget-container\">\n\t\t\t\t\t\t\t\t\t\t\t\t\t\t\t<img fetchpriority=\"high\" decoding=\"async\" width=\"214\" height=\"300\" src=\"https:\/\/bajuwaren-laden.de\/wp-content\/uploads\/2019\/10\/12_02_01-Pictogramm_Bajuware-214x300.jpg\" class=\"attachment-large size-large wp-image-856\" alt=\"\" \/>\t\t\t\t\t\t\t\t\t\t\t\t\t\t\t<\/div>\n\t\t\t\t<\/div>\n\t\t\t\t\t<\/div>\n\t\t<\/div>\n\t\t\t\t<div class=\"elementor-column elementor-col-33 elementor-top-column elementor-element elementor-element-49914f4\" data-id=\"49914f4\" data-element_type=\"column\" data-e-type=\"column\">\n\t\t\t<div class=\"elementor-widget-wrap elementor-element-populated\">\n\t\t\t\t\t\t<div class=\"elementor-element elementor-element-92d6d60 elementor-widget elementor-widget-text-editor\" data-id=\"92d6d60\" data-element_type=\"widget\" data-e-type=\"widget\" data-widget_type=\"text-editor.default\">\n\t\t\t\t<div class=\"elementor-widget-container\">\n\t\t\t\t\t\t\t\t\t<h5>Shoppen in der Welt der Antike<\/h5>\n<p><strong>Wir laden Euch ein zu einer kleinen Shopping-Tour. Sie f\u00fchrt in die Konsum-Welt der Alten R\u00f6mer und Germanen.<\/strong><\/p>\n<p>Dazu unternehmen wir eine kleine Zeitreise, zur\u00fcck in die Antike. Noch ist halb Europa von den R\u00f6mern besetzt. Doch schon dringen germanische St\u00e4mme bis zur Grenze des Reiches vor. Der Limes ist als Grenze zwar noch da. Doch es gibt regen Kontakt zwischen den R\u00f6mern und Germanen. Dieser Kontakt ist manchmal kriegerisch. Aber nicht nur. Es wird auch friedlich Handel getrieben und laut um Waren gefeilscht.<\/p>\n<p>Es kann keinen Zweifel geben: Die R\u00f6mer und Germanen haben genau so oft und gern geshoppt wie wir. Sie erwarben Waren des t\u00e4glichen Bedarfs, die sie selbst nicht herstellen konnten. Und sie hatten Sehnsucht nach Luxusartikeln. Wer es sich leisten konnte, kaufte sch\u00f6nen Schmuck, edle Stoffe, feine Gew\u00fcrze, die mitunter aus fernen L\u00e4ndern herangeschafft wurden.<\/p>\n<p>Aber welche Produkte gingen denn eigentlich \u00fcber den Ladentisch? Wo kamen die her? Und was kosteten die? Und was machte man damit?<\/p>\n<p>Findet es heraus!<\/p>\t\t\t\t\t\t\t\t<\/div>\n\t\t\t\t<\/div>\n\t\t\t\t\t<\/div>\n\t\t<\/div>\n\t\t\t\t<div class=\"elementor-column elementor-col-33 elementor-top-column elementor-element elementor-element-7a581b1\" data-id=\"7a581b1\" data-element_type=\"column\" data-e-type=\"column\">\n\t\t\t<div class=\"elementor-widget-wrap elementor-element-populated\">\n\t\t\t\t\t\t<div class=\"elementor-element elementor-element-1547fe6 elementor-widget elementor-widget-image\" data-id=\"1547fe6\" data-element_type=\"widget\" data-e-type=\"widget\" data-widget_type=\"image.default\">\n\t\t\t\t<div class=\"elementor-widget-container\">\n\t\t\t\t\t\t\t\t\t\t\t\t\t\t\t<img decoding=\"async\" width=\"683\" height=\"1024\" src=\"https:\/\/bajuwaren-laden.de\/wp-content\/uploads\/2019\/03\/Museumsfest-047-683x1024.jpg\" class=\"attachment-large size-large wp-image-56\" alt=\"\" srcset=\"https:\/\/bajuwaren-laden.de\/wp-content\/uploads\/2019\/03\/Museumsfest-047-683x1024.jpg 683w, https:\/\/bajuwaren-laden.de\/wp-content\/uploads\/2019\/03\/Museumsfest-047-scaled-600x900.jpg 600w, https:\/\/bajuwaren-laden.de\/wp-content\/uploads\/2019\/03\/Museumsfest-047-200x300.jpg 200w, https:\/\/bajuwaren-laden.de\/wp-content\/uploads\/2019\/03\/Museumsfest-047-768x1152.jpg 768w, https:\/\/bajuwaren-laden.de\/wp-content\/uploads\/2019\/03\/Museumsfest-047-scaled.jpg 1707w\" sizes=\"(max-width: 683px) 100vw, 683px\" \/>\t\t\t\t\t\t\t\t\t\t\t\t\t\t\t<\/div>\n\t\t\t\t<\/div>\n\t\t\t\t<div class=\"elementor-element elementor-element-6cc74bb elementor-widget elementor-widget-image\" data-id=\"6cc74bb\" data-element_type=\"widget\" data-e-type=\"widget\" data-widget_type=\"image.default\">\n\t\t\t\t<div class=\"elementor-widget-container\">\n\t\t\t\t\t\t\t\t\t\t\t\t\t\t\t<img decoding=\"async\" width=\"1024\" height=\"683\" src=\"https:\/\/bajuwaren-laden.de\/wp-content\/uploads\/2019\/11\/Museumsfest-074-1024x683.jpg\" class=\"attachment-large size-large wp-image-890\" alt=\"\" srcset=\"https:\/\/bajuwaren-laden.de\/wp-content\/uploads\/2019\/11\/Museumsfest-074-1024x683.jpg 1024w, https:\/\/bajuwaren-laden.de\/wp-content\/uploads\/2019\/11\/Museumsfest-074-scaled-600x400.jpg 600w, https:\/\/bajuwaren-laden.de\/wp-content\/uploads\/2019\/11\/Museumsfest-074-300x200.jpg 300w, https:\/\/bajuwaren-laden.de\/wp-content\/uploads\/2019\/11\/Museumsfest-074-768x512.jpg 768w, https:\/\/bajuwaren-laden.de\/wp-content\/uploads\/2019\/11\/Museumsfest-074-1536x1024.jpg 1536w, https:\/\/bajuwaren-laden.de\/wp-content\/uploads\/2019\/11\/Museumsfest-074-2048x1365.jpg 2048w\" sizes=\"(max-width: 1024px) 100vw, 1024px\" \/>\t\t\t\t\t\t\t\t\t\t\t\t\t\t\t<\/div>\n\t\t\t\t<\/div>\n\t\t\t\t\t<\/div>\n\t\t<\/div>\n\t\t\t\t\t<\/div>\n\t\t<\/section>\n\t\t\t\t<section class=\"elementor-section elementor-top-section elementor-element elementor-element-b4d29f6 elementor-section-boxed elementor-section-height-default elementor-section-height-default\" data-id=\"b4d29f6\" data-element_type=\"section\" data-e-type=\"section\">\n\t\t\t\t\t\t<div class=\"elementor-container elementor-column-gap-default\">\n\t\t\t\t\t<div class=\"elementor-column elementor-col-50 elementor-top-column elementor-element elementor-element-24ffe95\" data-id=\"24ffe95\" data-element_type=\"column\" data-e-type=\"column\">\n\t\t\t<div class=\"elementor-widget-wrap elementor-element-populated\">\n\t\t\t\t\t\t<div class=\"elementor-element elementor-element-ab142b1 elementor-widget elementor-widget-text-editor\" data-id=\"ab142b1\" data-element_type=\"widget\" data-e-type=\"widget\" data-widget_type=\"text-editor.default\">\n\t\t\t\t<div class=\"elementor-widget-container\">\n\t\t\t\t\t\t\t\t\t<p>Wir haben f\u00fcr Euch einen virtuellen Laden eingerichtet.<\/p><p>Dort k\u00f6nnt Ihr nach Herzenslust st\u00f6bern und einkaufen gehen. Dabei k\u00f6nnt in die Rolle unterschiedlicher Personen, die in der Antike lebten, hineinschl\u00fcpfen. Und \u00fcberlegen, was diese Leute in ihrem Alltag brauchten. Ihr findet in unserem Laden jede Menge Produkte und einige Bestseller, die in der antiken Welt verbreitet und beliebt waren. Die einzelnen Artikel haben wir f\u00fcr Euch in Warengruppen zusammensortiert \u2013 ganz \u00e4hnlich wie heute die Artikel in den Regalen eines Supermarkts. Es gibt verschiedene Obst- und Gem\u00fcsesorten, Gew\u00fcrze, Rohstoffe zur Herstellung von Kosmetik, Kleidung, Haushaltsgegenst\u00e4nde, Luxusartikel und einiges mehr.<\/p><p>Bevor Ihr zugreift und die Artikel in Euren Warenkorb legt, nehmt sie ruhig etwas genauer unter die Lupe. Denn schlie\u00dflich wollt Ihr nicht die Katze im Sack kaufen. Jeder Artikel, den ihr bei uns erwerben k\u00f6nnt, erz\u00e4hlt seine eigene kleine Geschichte.<\/p><p>So lernt Ihr unter anderem einige Obst- und Gem\u00fcsesorten kennen. Einige Nutzpflanzen wurden seit Urzeiten hier angebaut. Andere wurden erst von den R\u00f6mern nach Germanien gebracht, konnten hier aber nicht kultiviert werden, weil es zu kalt war. Oliven\u00f6l, Weihrauch oder Pfeffer sind Dinge, auf die kein R\u00f6mer verzichten wollte. Sie kamen \u00fcber lange Handelsrouten, meist auf dem Seeweg, in die r\u00f6mischen Provinzen. Nat\u00fcrlich gab es auch Luxusprodukte: Lidschatten f\u00fcr die Damen. Jeans f\u00fcr die Herren. Oder haben wir Euch da vielleicht das ein oder andere \u201eFake-Produkt\u201c der Neuzeit in den Laden geschmuggelt<\/p>\t\t\t\t\t\t\t\t<\/div>\n\t\t\t\t<\/div>\n\t\t\t\t\t<\/div>\n\t\t<\/div>\n\t\t\t\t<div class=\"elementor-column elementor-col-50 elementor-top-column elementor-element elementor-element-7ffc858\" data-id=\"7ffc858\" data-element_type=\"column\" data-e-type=\"column\">\n\t\t\t<div class=\"elementor-widget-wrap elementor-element-populated\">\n\t\t\t\t\t\t<div class=\"elementor-element elementor-element-002cc63 elementor-widget elementor-widget-image\" data-id=\"002cc63\" data-element_type=\"widget\" data-e-type=\"widget\" data-widget_type=\"image.default\">\n\t\t\t\t<div class=\"elementor-widget-container\">\n\t\t\t\t\t\t\t\t\t\t\t\t\t\t\t<img loading=\"lazy\" decoding=\"async\" width=\"1024\" height=\"716\" src=\"https:\/\/bajuwaren-laden.de\/wp-content\/uploads\/2019\/03\/em\u00fcse-1024x716.jpg\" class=\"attachment-large size-large wp-image-148\" alt=\"\" srcset=\"https:\/\/bajuwaren-laden.de\/wp-content\/uploads\/2019\/03\/em\u00fcse-1024x716.jpg 1024w, https:\/\/bajuwaren-laden.de\/wp-content\/uploads\/2019\/03\/em\u00fcse-600x419.jpg 600w, https:\/\/bajuwaren-laden.de\/wp-content\/uploads\/2019\/03\/em\u00fcse-300x210.jpg 300w, https:\/\/bajuwaren-laden.de\/wp-content\/uploads\/2019\/03\/em\u00fcse-768x537.jpg 768w, https:\/\/bajuwaren-laden.de\/wp-content\/uploads\/2019\/03\/em\u00fcse.jpg 2000w\" sizes=\"(max-width: 1024px) 100vw, 1024px\" \/>\t\t\t\t\t\t\t\t\t\t\t\t\t\t\t<\/div>\n\t\t\t\t<\/div>\n\t\t\t\t<div class=\"elementor-element elementor-element-3f666ac elementor-widget elementor-widget-image\" data-id=\"3f666ac\" data-element_type=\"widget\" data-e-type=\"widget\" data-widget_type=\"image.default\">\n\t\t\t\t<div class=\"elementor-widget-container\">\n\t\t\t\t\t\t\t\t\t\t\t\t\t\t\t<img loading=\"lazy\" decoding=\"async\" width=\"1024\" height=\"764\" src=\"https:\/\/bajuwaren-laden.de\/wp-content\/uploads\/2019\/03\/IMG_1413-1024x764.jpg\" class=\"attachment-large size-large wp-image-149\" alt=\"\" srcset=\"https:\/\/bajuwaren-laden.de\/wp-content\/uploads\/2019\/03\/IMG_1413-1024x764.jpg 1024w, https:\/\/bajuwaren-laden.de\/wp-content\/uploads\/2019\/03\/IMG_1413-scaled-600x448.jpg 600w, https:\/\/bajuwaren-laden.de\/wp-content\/uploads\/2019\/03\/IMG_1413-300x224.jpg 300w, https:\/\/bajuwaren-laden.de\/wp-content\/uploads\/2019\/03\/IMG_1413-768x573.jpg 768w\" sizes=\"(max-width: 1024px) 100vw, 1024px\" \/>\t\t\t\t\t\t\t\t\t\t\t\t\t\t\t<\/div>\n\t\t\t\t<\/div>\n\t\t\t\t\t<\/div>\n\t\t<\/div>\n\t\t\t\t\t<\/div>\n\t\t<\/section>\n\t\t\t\t<\/div>\n\t\t","protected":false},"excerpt":{"rendered":"<p>Shoppen in der Welt der Antike Wir laden Euch ein zu einer kleinen Shopping-Tour. Sie f\u00fchrt in die Konsum-Welt der Alten R\u00f6mer und Germanen. Dazu unternehmen wir eine kleine Zeitreise, zur\u00fcck in die Antike. Noch ist halb Europa von den R\u00f6mern besetzt. Doch schon dringen germanische St\u00e4mme bis zur Grenze des Reiches vor. Der Limes [&hellip;]<\/p>\n","protected":false},"author":1,"featured_media":0,"parent":0,"menu_order":0,"comment_status":"closed","ping_status":"closed","template":"","meta":{"footnotes":""},"class_list":["post-1113","page","type-page","status-publish","hentry"],"_links":{"self":[{"href":"https:\/\/bajuwaren-laden.de\/index.php?rest_route=\/wp\/v2\/pages\/1113","targetHints":{"allow":["GET"]}}],"collection":[{"href":"https:\/\/bajuwaren-laden.de\/index.php?rest_route=\/wp\/v2\/pages"}],"about":[{"href":"https:\/\/bajuwaren-laden.de\/index.php?rest_route=\/wp\/v2\/types\/page"}],"author":[{"embeddable":true,"href":"https:\/\/bajuwaren-laden.de\/index.php?rest_route=\/wp\/v2\/users\/1"}],"replies":[{"embeddable":true,"href":"https:\/\/bajuwaren-laden.de\/index.php?rest_route=%2Fwp%2Fv2%2Fcomments&post=1113"}],"version-history":[{"count":18,"href":"https:\/\/bajuwaren-laden.de\/index.php?rest_route=\/wp\/v2\/pages\/1113\/revisions"}],"predecessor-version":[{"id":1430,"href":"https:\/\/bajuwaren-laden.de\/index.php?rest_route=\/wp\/v2\/pages\/1113\/revisions\/1430"}],"wp:attachment":[{"href":"https:\/\/bajuwaren-laden.de\/index.php?rest_route=%2Fwp%2Fv2%2Fmedia&parent=1113"}],"curies":[{"name":"wp","href":"https:\/\/api.w.org\/{rel}","templated":true}]}}