{"id":1001,"date":"2019-11-28T20:04:06","date_gmt":"2019-11-28T20:04:06","guid":{"rendered":"http:\/\/bajuwaren-laden.de\/?page_id=1001"},"modified":"2020-05-22T05:59:58","modified_gmt":"2020-05-22T05:59:58","slug":"informationen-zum-projekt","status":"publish","type":"page","link":"https:\/\/bajuwaren-laden.de\/","title":{"rendered":"Willkommen!"},"content":{"rendered":"\t\t<div data-elementor-type=\"wp-page\" data-elementor-id=\"1001\" class=\"elementor elementor-1001\">\n\t\t\t\t\t\t<section class=\"elementor-section elementor-top-section elementor-element elementor-element-d95005e elementor-section-boxed elementor-section-height-default elementor-section-height-default\" data-id=\"d95005e\" data-element_type=\"section\" data-e-type=\"section\">\n\t\t\t\t\t\t<div class=\"elementor-container elementor-column-gap-default\">\n\t\t\t\t\t<div class=\"elementor-column elementor-col-100 elementor-top-column elementor-element elementor-element-0355b44\" data-id=\"0355b44\" data-element_type=\"column\" data-e-type=\"column\">\n\t\t\t<div class=\"elementor-widget-wrap elementor-element-populated\">\n\t\t\t\t\t\t<div class=\"elementor-element elementor-element-2fc2bd1 elementor-widget elementor-widget-heading\" data-id=\"2fc2bd1\" data-element_type=\"widget\" data-e-type=\"widget\" data-widget_type=\"heading.default\">\n\t\t\t\t<div class=\"elementor-widget-container\">\n\t\t\t\t\t<h4 class=\"elementor-heading-title elementor-size-default\">Unser Online-Shop l\u00e4dt zu einer Zeitreise in die Shoppingwelt der Sp\u00e4tantike ein. Produkte werden allerdings nicht in das 21. Jahrhundert geliefert<\/h4>\t\t\t\t<\/div>\n\t\t\t\t<\/div>\n\t\t\t\t\t<\/div>\n\t\t<\/div>\n\t\t\t\t\t<\/div>\n\t\t<\/section>\n\t\t\t\t<section class=\"elementor-section elementor-top-section elementor-element elementor-element-8699d9c elementor-section-boxed elementor-section-height-default elementor-section-height-default\" data-id=\"8699d9c\" data-element_type=\"section\" data-e-type=\"section\">\n\t\t\t\t\t\t<div class=\"elementor-container elementor-column-gap-default\">\n\t\t\t\t\t<div class=\"elementor-column elementor-col-100 elementor-top-column elementor-element elementor-element-316fda7\" data-id=\"316fda7\" data-element_type=\"column\" data-e-type=\"column\">\n\t\t\t<div class=\"elementor-widget-wrap elementor-element-populated\">\n\t\t\t\t\t\t<div class=\"elementor-element elementor-element-4c515b2 elementor-widget elementor-widget-text-editor\" data-id=\"4c515b2\" data-element_type=\"widget\" data-e-type=\"widget\" data-widget_type=\"text-editor.default\">\n\t\t\t\t<div class=\"elementor-widget-container\">\n\t\t\t\t\t\t\t\t\t<h5>Liebe Besucher unseres Ladens &#8211; liebe Lehrerinnen und Lehrer,<\/h5>\n<p>herzlich willkommen in unserem R\u00f6merladen (&#8222;Taberna&#8220;) &#8211; einem p\u00e4dagogischen Angebot des R\u00f6mer und Bajuwaren Museum auf Burg Kipfenberg.<\/p>\n<p><span style=\"color: #339966;\"><strong>Worum geht es in unserem Laden?<\/strong><\/span><\/p>\n<p>Unser R\u00f6merladen l\u00e4dt dazu ein, die komplexe Konsumwelt der Antike und des fr\u00fchen Mittelalters kennenzulernen. Wie hat &#8222;Shopping&#8220; zur Zeit der R\u00f6mer und Bajuwaren\u00a0funktioniert? Welche Waren gingen in unserer Gegend des Limes \u00fcber den Ladentisch? Und zu welchem Preis? Und wo kamen die Produkte eigentlich her? Wie wurden sie erzeugt, gehandelt und genutzt? Unser Laden verschafft spannende Einblicke. Doch nicht nur das. Von der Geschichte aus schl\u00e4gt er zugleich den Bogen in unsere Gegenwart. Er l\u00e4dt ein, einige &#8222;brisante&#8220; Aspekte unserer heutigen globalisierten Konsumkultur von geschichtlichen Wurzeln her zu reflektieren und zu \u00fcberlegen, welche Folgen unser eigenes Kaufverhalten f\u00fcr die Umwelt hat.<\/p>\t\t\t\t\t\t\t\t<\/div>\n\t\t\t\t<\/div>\n\t\t\t\t\t<\/div>\n\t\t<\/div>\n\t\t\t\t\t<\/div>\n\t\t<\/section>\n\t\t\t\t<section class=\"elementor-section elementor-top-section elementor-element elementor-element-5aa7cc3 elementor-section-boxed elementor-section-height-default elementor-section-height-default\" data-id=\"5aa7cc3\" data-element_type=\"section\" data-e-type=\"section\">\n\t\t\t\t\t\t<div class=\"elementor-container elementor-column-gap-default\">\n\t\t\t\t\t<div class=\"elementor-column elementor-col-100 elementor-top-column elementor-element elementor-element-d2912ca\" data-id=\"d2912ca\" data-element_type=\"column\" data-e-type=\"column\">\n\t\t\t<div class=\"elementor-widget-wrap elementor-element-populated\">\n\t\t\t\t\t\t<div class=\"elementor-element elementor-element-84a1c35 elementor-widget elementor-widget-text-editor\" data-id=\"84a1c35\" data-element_type=\"widget\" data-e-type=\"widget\" data-widget_type=\"text-editor.default\">\n\t\t\t\t<div class=\"elementor-widget-container\">\n\t\t\t\t\t\t\t\t\t<p><span style=\"color: #339966;\"><strong>Wie funktioniert unser Laden?<\/strong><\/span><\/p>\n<p><b>1. Einstieg: Museumsf\u00fchrung<\/b><\/p>\n<p>Unsere thematisch zugeschnittene Museumsf\u00fchrung bietet den perfekten Einstieg zum Besuch des R\u00f6merladens. Bei einer Tour im Museum entdecken die Sch\u00fcler originale Gegenst\u00e4nde, die fr\u00fcher &#8222;Bestseller&#8220; am Limes waren. Zugleich lernen sie den ber\u00fchmten &#8222;Krieger von Kemathen&#8220; kennen, eine Art &#8222;Schirmherr&#8220; unseres Ladens. Dieser Mann lebte um 400 n.Chr. Seine Grabbeigaben erz\u00e4hlen die Geschichte eines Foederaten im r\u00f6mischen Dienst. Seine Sippe lebte weitr\u00e4umig vernetzt, produzierte Waren, trieb Handel. Wie unter einem Brennglas werden in seinem kleinen Dorf Handelsgef\u00fcge sichtbar, die weit \u00fcber die Grenzen des heutigen Europas hinausgereicht haben. So ist die Idee unseres R\u00f6merladens entstanden. Allerdings haben wir den Laden zeitlich einige Generationen vor die Zeit des Kriegers, in das 2. Jh. n.Chr., zur\u00fcckversetzt. Er spielt in einer Zeit, als sich die r\u00f6mische und germanische Gesellschaft (idealerweise und mit einer Prise Phantasie&#8230;) gern zum Shopping am Limes trifft.<\/p>\n<p>Ein Museumsbesuch mit Ihren Sch\u00fclern ist leider nicht m\u00f6glich? In diesem Fall k\u00f6nnen Sie unseren kostenlosen Online-Shop gern in Ihrem Unterricht oder auch zu Hause nutzen. Arbeitsbl\u00e4tter sind auf der Webseite www.roemer-taberna.de zu finden.<\/p>\t\t\t\t\t\t\t\t<\/div>\n\t\t\t\t<\/div>\n\t\t\t\t\t<\/div>\n\t\t<\/div>\n\t\t\t\t\t<\/div>\n\t\t<\/section>\n\t\t\t\t<section class=\"elementor-section elementor-top-section elementor-element elementor-element-510559e elementor-section-boxed elementor-section-height-default elementor-section-height-default\" data-id=\"510559e\" data-element_type=\"section\" data-e-type=\"section\">\n\t\t\t\t\t\t<div class=\"elementor-container elementor-column-gap-default\">\n\t\t\t\t\t<div class=\"elementor-column elementor-col-100 elementor-top-column elementor-element elementor-element-be28e1f\" data-id=\"be28e1f\" data-element_type=\"column\" data-e-type=\"column\">\n\t\t\t<div class=\"elementor-widget-wrap elementor-element-populated\">\n\t\t\t\t\t\t<div class=\"elementor-element elementor-element-7968133 elementor-widget elementor-widget-text-editor\" data-id=\"7968133\" data-element_type=\"widget\" data-e-type=\"widget\" data-widget_type=\"text-editor.default\">\n\t\t\t\t<div class=\"elementor-widget-container\">\n\t\t\t\t\t\t\t\t\t<p><b>2. Ran an die Tablets: St\u00f6bern!<\/b><\/p>\n<p>Im Anschluss an die Museumsf\u00fchrung k\u00f6nnen die Sch\u00fcler in kleinen Gruppen an unseren hauseigenen Tabletts im R\u00f6merladen st\u00f6bern und virtuell einzukaufen. F\u00fcr Rollenspiele und weiteres Hintergrundwissen nutzen Sie bitte unser Arbeitsbl\u00e4tter.<\/p>\n<p>Unser Laden funktioniert wie ein moderner Online-Shop. Wir haben neun verschiedenen Produktkategorien \u2013 angefangen von Grundnahrungsmitteln wie Getreide, Obst und Gem\u00fcse \u00fcber Rohstoffe, Feinkost und Gew\u00fcrze bis hin zu Kleidung, Geschirr und Kosmetik. In den einzelnen \u201eRegalen\u201c stehen jeweils sechs verschiedene Artikel zur Auswahl. Jeder Artikel ist mit einer Art Beipackzettel versehen, der eine kleine Kulturgeschichte des Produkts erz\u00e4hlt. Wissenswerte Fakten, wie Herkunft, Herstellung, Verwendung und Preis werden geliefert. Doch Vorsicht: in jedes Regal hat sich auch ein \u201eFake-Produkt\u201c aus einer sp\u00e4teren Epoche eingeschmuggelt.<\/p>\n<p>Alle Produkte k\u00f6nnen in den Warenkorb gelegt werden. Die Bestellung darf nat\u00fcrlich auch ganz real aufgeben werden, vorausgesetzt, dass das Produkt saisonal wirklich lieferbar ist. Ausgeliefert wird allerdings leider nicht. Warenkorb bzw. Bestellbest\u00e4tigung sind Ausgangspunkt f\u00fcr weitere Projekte (s. Arbeitsbl\u00e4tter).<\/p>\t\t\t\t\t\t\t\t<\/div>\n\t\t\t\t<\/div>\n\t\t\t\t\t<\/div>\n\t\t<\/div>\n\t\t\t\t\t<\/div>\n\t\t<\/section>\n\t\t\t\t<section class=\"elementor-section elementor-top-section elementor-element elementor-element-c8dbf8e elementor-section-boxed elementor-section-height-default elementor-section-height-default\" data-id=\"c8dbf8e\" data-element_type=\"section\" data-e-type=\"section\">\n\t\t\t\t\t\t<div class=\"elementor-container elementor-column-gap-default\">\n\t\t\t\t\t<div class=\"elementor-column elementor-col-100 elementor-top-column elementor-element elementor-element-af8a61c\" data-id=\"af8a61c\" data-element_type=\"column\" data-e-type=\"column\">\n\t\t\t<div class=\"elementor-widget-wrap elementor-element-populated\">\n\t\t\t\t\t\t<div class=\"elementor-element elementor-element-5a49e01 elementor-widget elementor-widget-text-editor\" data-id=\"5a49e01\" data-element_type=\"widget\" data-e-type=\"widget\" data-widget_type=\"text-editor.default\">\n\t\t\t\t<div class=\"elementor-widget-container\">\n\t\t\t\t\t\t\t\t\t<p><b>3. Noch mehr Wissen: Unsere Arbeitsbl\u00e4tter<\/b><\/p>\n<p>Unsere Arbeitsbl\u00e4tter vermitteln neues Wissen zu antiken Handelsrouten, Preisen und Gewichten.<\/p>\n<p>Dar\u00fcber hinaus wollen wir die Sch\u00fcler zum Nachdenken anregen \u00fcber die Komplexit\u00e4t der heutigen Konsumgesellschaft. Und wir wollen die Tatsache vermitteln, dass globalisierter Handel und Konsum \u2013 mit all seinen Begleiterscheinungen \u2013 nicht erst ein Ph\u00e4nomen unsere Gegenwart ist. Stichworte wie &#8222;permanente Warenverf\u00fcgbarkeit&#8220;, &#8222;Ressourcenverlust&#8220; und &#8222;Klimaschutz&#8220; f\u00fchren direkt hin zum Kern heutiger gesellschaftlicher Debatten. Wenn solche brennenden Themen von den geschichtlichen Befunden aus reflektiert werden k\u00f6nnten, dann h\u00e4tten wir gemeinsam doch schon viel erreicht:<\/p>\n<p><b>Denkanst\u00f6\u00dfe mit Br\u00fccke zur Gegenwart<\/b><\/p>\n<p><!-- [if !supportLists]-->\u00b7\u00a0\u00a0\u00a0\u00a0\u00a0\u00a0\u00a0\u00a0 <!--[endif]-->Was konnte regional hergestellt und gehandelt werden?<\/p>\n<p><!-- [if !supportLists]-->\u00b7\u00a0\u00a0\u00a0\u00a0\u00a0\u00a0\u00a0\u00a0 <!--[endif]-->Was wird importiert? Welche Wege nehmen die Waren?<\/p>\n<p><!-- [if !supportLists]-->\u00b7\u00a0\u00a0\u00a0\u00a0\u00a0\u00a0\u00a0\u00a0 <!--[endif]-->Welche Luxusartikel gab es \u2013 und wer kann sich die \u00fcberhaupt leisten?<\/p>\n<p><!-- [if !supportLists]-->\u00b7\u00a0\u00a0\u00a0\u00a0\u00a0\u00a0\u00a0\u00a0 <!--[endif]-->Welche Rohstoffe wurden gehandelt \u2013 und wie wurden die weiterverarbeitet?<\/p>\n<p><!-- [if !supportLists]-->\u00b7\u00a0\u00a0\u00a0\u00a0\u00a0\u00a0\u00a0\u00a0 <!--[endif]-->Was brauche ich davon heute, und was brauche ich nicht? Ist das Grundbedarf oder Luxus?<\/p>\n<p><!-- [if !supportLists]-->\u00b7\u00a0\u00a0\u00a0\u00a0\u00a0\u00a0\u00a0\u00a0 <!--[endif]-->Wie wird das hergestellt? Ist das nachhaltig produziert?\u201c Oder zum Wegwerfen?<\/p>\n<p><!-- [if !supportLists]-->\u00b7\u00a0\u00a0\u00a0\u00a0\u00a0\u00a0\u00a0\u00a0 <!--[endif]-->Und was war die Ware damals \u00fcberhaupt wert im Vergleich zu heute?<\/p>\n<p>\u00a0<\/p>\n<p>Hier geht es zu unseren Arbeitsbl\u00e4tter<\/p>\n<p><!-- \/wp:paragraph --><\/p>\n<p>\u00a0<\/p>\t\t\t\t\t\t\t\t<\/div>\n\t\t\t\t<\/div>\n\t\t\t\t\t<\/div>\n\t\t<\/div>\n\t\t\t\t\t<\/div>\n\t\t<\/section>\n\t\t\t\t<section class=\"elementor-section elementor-top-section elementor-element elementor-element-48d1e57e elementor-section-boxed elementor-section-height-default elementor-section-height-default\" data-id=\"48d1e57e\" data-element_type=\"section\" data-e-type=\"section\">\n\t\t\t\t\t\t<div class=\"elementor-container elementor-column-gap-default\">\n\t\t\t\t\t<div class=\"elementor-column elementor-col-100 elementor-top-column elementor-element elementor-element-385c88b5\" data-id=\"385c88b5\" data-element_type=\"column\" data-e-type=\"column\">\n\t\t\t<div class=\"elementor-widget-wrap elementor-element-populated\">\n\t\t\t\t\t\t\t<\/div>\n\t\t<\/div>\n\t\t\t\t\t<\/div>\n\t\t<\/section>\n\t\t\t\t<\/div>\n\t\t","protected":false},"excerpt":{"rendered":"<p>Unser Online-Shop l\u00e4dt zu einer Zeitreise in die Shoppingwelt der Sp\u00e4tantike ein. Produkte werden allerdings nicht in das 21. Jahrhundert geliefert Liebe Besucher unseres Ladens &#8211; liebe Lehrerinnen und Lehrer, herzlich willkommen in unserem R\u00f6merladen (&#8222;Taberna&#8220;) &#8211; einem p\u00e4dagogischen Angebot des R\u00f6mer und Bajuwaren Museum auf Burg Kipfenberg. Worum geht es in unserem Laden? Unser [&hellip;]<\/p>\n","protected":false},"author":1,"featured_media":0,"parent":0,"menu_order":0,"comment_status":"closed","ping_status":"closed","template":"","meta":{"footnotes":""},"class_list":["post-1001","page","type-page","status-publish","hentry"],"_links":{"self":[{"href":"https:\/\/bajuwaren-laden.de\/index.php?rest_route=\/wp\/v2\/pages\/1001","targetHints":{"allow":["GET"]}}],"collection":[{"href":"https:\/\/bajuwaren-laden.de\/index.php?rest_route=\/wp\/v2\/pages"}],"about":[{"href":"https:\/\/bajuwaren-laden.de\/index.php?rest_route=\/wp\/v2\/types\/page"}],"author":[{"embeddable":true,"href":"https:\/\/bajuwaren-laden.de\/index.php?rest_route=\/wp\/v2\/users\/1"}],"replies":[{"embeddable":true,"href":"https:\/\/bajuwaren-laden.de\/index.php?rest_route=%2Fwp%2Fv2%2Fcomments&post=1001"}],"version-history":[{"count":40,"href":"https:\/\/bajuwaren-laden.de\/index.php?rest_route=\/wp\/v2\/pages\/1001\/revisions"}],"predecessor-version":[{"id":1445,"href":"https:\/\/bajuwaren-laden.de\/index.php?rest_route=\/wp\/v2\/pages\/1001\/revisions\/1445"}],"wp:attachment":[{"href":"https:\/\/bajuwaren-laden.de\/index.php?rest_route=%2Fwp%2Fv2%2Fmedia&parent=1001"}],"curies":[{"name":"wp","href":"https:\/\/api.w.org\/{rel}","templated":true}]}}